{"id":3326,"date":"2025-10-29T19:42:34","date_gmt":"2025-10-29T19:42:34","guid":{"rendered":"https:\/\/riocristal.cl\/agua_purificada\/?page_id=3326"},"modified":"2025-11-11T12:56:16","modified_gmt":"2025-11-11T12:56:16","slug":"rio-cristal-bio","status":"publish","type":"page","link":"https:\/\/riocristal.cl\/agua_purificada\/rio-cristal-bio\/","title":{"rendered":"R\u00edo Cristal \/ Bio"},"content":{"rendered":"\t\t<div data-elementor-type=\"wp-page\" data-elementor-id=\"3326\" class=\"elementor elementor-3326\">\n\t\t\t\t\t\t<section class=\"elementor-section elementor-top-section elementor-element elementor-element-81f00e9 elementor-section-boxed elementor-section-height-default elementor-section-height-default wpr-particle-no wpr-jarallax-no wpr-parallax-no wpr-sticky-section-no wpr-equal-height-no\" data-id=\"81f00e9\" data-element_type=\"section\" data-e-type=\"section\">\n\t\t\t\t\t\t<div class=\"elementor-container elementor-column-gap-default\">\n\t\t\t\t\t<div class=\"aux-parallax-section elementor-column elementor-col-33 elementor-top-column elementor-element elementor-element-741b7fd\" data-id=\"741b7fd\" data-element_type=\"column\" data-e-type=\"column\">\n\t\t\t<div class=\"elementor-widget-wrap\">\n\t\t\t\t\t\t\t<\/div>\n\t\t<\/div>\n\t\t\t\t<div class=\"aux-parallax-section elementor-column elementor-col-33 elementor-top-column elementor-element elementor-element-5fadbb6\" data-id=\"5fadbb6\" data-element_type=\"column\" data-e-type=\"column\">\n\t\t\t<div class=\"elementor-widget-wrap elementor-element-populated\">\n\t\t\t\t\t\t<section class=\"elementor-section elementor-inner-section elementor-element elementor-element-5e08f2d elementor-section-boxed elementor-section-height-default elementor-section-height-default wpr-particle-no wpr-jarallax-no wpr-parallax-no wpr-sticky-section-no wpr-equal-height-no\" data-id=\"5e08f2d\" data-element_type=\"section\" data-e-type=\"section\">\n\t\t\t\t\t\t<div class=\"elementor-container elementor-column-gap-default\">\n\t\t\t\t\t<div class=\"aux-parallax-section elementor-column elementor-col-50 elementor-inner-column elementor-element elementor-element-53a947a\" data-id=\"53a947a\" data-element_type=\"column\" data-e-type=\"column\">\n\t\t\t<div class=\"elementor-widget-wrap elementor-element-populated\">\n\t\t\t\t\t\t<div class=\"elementor-element elementor-element-5420793 elementor-widget elementor-widget-aux_text\" data-id=\"5420793\" data-element_type=\"widget\" data-e-type=\"widget\" data-widget_type=\"aux_text.default\">\n\t\t\t\t<div class=\"elementor-widget-container\">\n\t\t\t\t\t<section class=\"widget-container aux-widget-text aux-parent-au568b5286\">        <div class=\"aux-widget-advanced-text aux-wrap-style-simple aux-ico-pos-left aux-text-left aux-text-resp- aux-text-color-dark aux-text-widget-bg-center  aux-text-padding-fix \" >\n        \n                            <div class=\"aux-text-widget-header \"  >\n                        <div class=\"aux-ico-box aux-ico-large aux-ico-shape-circle aux-ico-clear \">\n                            <i aria-hidden=\"true\" class=\"aux-ico auxicon auxicon-location\"><\/i>                        <\/div>\n                <\/div>\n            \n            <div class=\"aux-text-inner aux-text-widget-content\">\n                                <h4 class=\"col-title\">Sucursales<\/h4>\n                                <h5 class=\"col-subtitle\">Siempre cerca de ti.<\/h5>\n\n                                <div class=\"widget-content\">\n                                        <p>Encuentra el punto de venta m\u00e1s pr\u00f3ximo y disfruta del sabor puro de R\u00edo Cristal en tu ciudad.<\/p>                <\/div>\n                <a  href=\"https:\/\/riocristal.cl\/agua_purificada\/sucursales\/\" target=\"_self\"   class=\"aux-button aux-medium aux-white aux-round aux-outline\" ><span class=\"aux-overlay\"><\/span><span class=\"aux-text\">Ver m\u00e1s<\/span><\/a>            <\/div>\n        <\/div>\n                    <div class=\"aux-text-widget-footer\">\n                <div class=\"aux-border-shape-none \">\n                                <\/div>\n            <\/div>\n        \n<\/section><!-- widget-container -->\t\t\t\t<\/div>\n\t\t\t\t<\/div>\n\t\t\t\t<div class=\"elementor-element elementor-element-518cf1c elementor-widget elementor-widget-aux_text\" data-id=\"518cf1c\" data-element_type=\"widget\" data-e-type=\"widget\" data-widget_type=\"aux_text.default\">\n\t\t\t\t<div class=\"elementor-widget-container\">\n\t\t\t\t\t<section class=\"widget-container aux-widget-text aux-parent-aud39dbddb\">        <div class=\"aux-widget-advanced-text aux-wrap-style-simple aux-ico-pos-left aux-text-left aux-text-resp- aux-text-color-dark aux-text-widget-bg-center  aux-text-padding-fix \" >\n        \n                            <div class=\"aux-text-widget-header \"  >\n                        <div class=\"aux-ico-box aux-ico-large aux-ico-shape-circle aux-ico-clear \">\n                            <i aria-hidden=\"true\" class=\"aux-ico fas fa-water\"><\/i>                        <\/div>\n                <\/div>\n            \n            <div class=\"aux-text-inner aux-text-widget-content\">\n                                <h4 class=\"col-title\">Productos<\/h4>\n                                <h5 class=\"col-subtitle\">Agua pura en cada formato.<\/h5>\n\n                                <div class=\"widget-content\">\n                                        <p data-start=\"562\" data-end=\"693\">Descubre nuestras presentaciones pensadas para acompa\u00f1arte en casa, en el trabajo o donde vayas.<\/p>                <\/div>\n                <a  href=\"https:\/\/riocristal.cl\/agua_purificada\/productos\/\" target=\"_self\"   class=\"aux-button aux-medium aux-white aux-round aux-outline\" ><span class=\"aux-overlay\"><\/span><span class=\"aux-text\">Ver m\u00e1s<\/span><\/a>            <\/div>\n        <\/div>\n                    <div class=\"aux-text-widget-footer\">\n                <div class=\"aux-border-shape-none \">\n                                <\/div>\n            <\/div>\n        \n<\/section><!-- widget-container -->\t\t\t\t<\/div>\n\t\t\t\t<\/div>\n\t\t\t\t<div class=\"elementor-element elementor-element-981f82b elementor-widget elementor-widget-aux_text\" data-id=\"981f82b\" data-element_type=\"widget\" data-e-type=\"widget\" data-widget_type=\"aux_text.default\">\n\t\t\t\t<div class=\"elementor-widget-container\">\n\t\t\t\t\t<section class=\"widget-container aux-widget-text aux-parent-au2c78ce0f\">        <div class=\"aux-widget-advanced-text aux-wrap-style-simple aux-ico-pos-left aux-text-left aux-text-resp- aux-text-color-dark aux-text-widget-bg-center  aux-text-padding-fix \" >\n        \n                            <div class=\"aux-text-widget-header \"  >\n                        <div class=\"aux-ico-box aux-ico-large aux-ico-shape-circle aux-ico-clear \">\n                            <i aria-hidden=\"true\" class=\"aux-ico fas fa-users\"><\/i>                        <\/div>\n                <\/div>\n            \n            <div class=\"aux-text-inner aux-text-widget-content\">\n                                <h4 class=\"col-title\">Trabaja con Nosotros<\/h4>\n                                <h5 class=\"col-subtitle\">S\u00famate a  R\u00edo Cristal.<\/h5>\n\n                                <div class=\"widget-content\">\n                                        <p>Buscamos personas comprometidas con la calidad, el servicio y el cuidado del medio ambiente.<\/p>                <\/div>\n                <a  href=\"https:\/\/riocristal.cl\/agua_purificada\/r-r-s-s\/\" target=\"_self\"   class=\"aux-button aux-medium aux-white aux-round aux-outline\" ><span class=\"aux-overlay\"><\/span><span class=\"aux-text\">Ver m\u00e1s<\/span><\/a>            <\/div>\n        <\/div>\n                    <div class=\"aux-text-widget-footer\">\n                <div class=\"aux-border-shape-none \">\n                                <\/div>\n            <\/div>\n        \n<\/section><!-- widget-container -->\t\t\t\t<\/div>\n\t\t\t\t<\/div>\n\t\t\t\t\t<\/div>\n\t\t<\/div>\n\t\t\t\t<div class=\"aux-parallax-section elementor-column elementor-col-50 elementor-inner-column elementor-element elementor-element-9136f78\" data-id=\"9136f78\" data-element_type=\"column\" data-e-type=\"column\">\n\t\t\t<div class=\"elementor-widget-wrap elementor-element-populated\">\n\t\t\t\t\t\t<div class=\"elementor-element elementor-element-06df4e3 elementor-widget elementor-widget-aux_text\" data-id=\"06df4e3\" data-element_type=\"widget\" data-e-type=\"widget\" data-widget_type=\"aux_text.default\">\n\t\t\t\t<div class=\"elementor-widget-container\">\n\t\t\t\t\t<section class=\"widget-container aux-widget-text aux-parent-aua6732e36\">        <div class=\"aux-widget-advanced-text aux-wrap-style-simple aux-ico-pos-left aux-text-left aux-text-resp- aux-text-color-dark aux-text-widget-bg-center  aux-text-padding-fix \" >\n        \n                            <div class=\"aux-text-widget-header \"  >\n                        <div class=\"aux-ico-box aux-ico-large aux-ico-shape-circle aux-ico-clear \">\n                            <i aria-hidden=\"true\" class=\"aux-ico auxicon auxicon-briefcase\"><\/i>                        <\/div>\n                <\/div>\n            \n            <div class=\"aux-text-inner aux-text-widget-content\">\n                                <h4 class=\"col-title\">Atenci\u00f3n Empresas<\/h4>\n                                <h5 class=\"col-subtitle\">Hidrataci\u00f3n para tu equipo.<\/h5>\n\n                                <div class=\"widget-content\">\n                                        <p>Ofrecemos planes personalizados y entregas programadas para oficinas, industrias y eventos.<\/p>                <\/div>\n                <a  href=\"https:\/\/riocristal.cl\/agua_purificada\/productos\/\" target=\"_self\"   class=\"aux-button aux-medium aux-white aux-round aux-outline\" ><span class=\"aux-overlay\"><\/span><span class=\"aux-text\">Ver m\u00e1s<\/span><\/a>            <\/div>\n        <\/div>\n                    <div class=\"aux-text-widget-footer\">\n                <div class=\"aux-border-shape-none \">\n                                <\/div>\n            <\/div>\n        \n<\/section><!-- widget-container -->\t\t\t\t<\/div>\n\t\t\t\t<\/div>\n\t\t\t\t<div class=\"elementor-element elementor-element-2633105 elementor-widget elementor-widget-aux_text\" data-id=\"2633105\" data-element_type=\"widget\" data-e-type=\"widget\" data-widget_type=\"aux_text.default\">\n\t\t\t\t<div class=\"elementor-widget-container\">\n\t\t\t\t\t<section class=\"widget-container aux-widget-text aux-parent-au6457c8b3\">        <div class=\"aux-widget-advanced-text aux-wrap-style-simple aux-ico-pos-left aux-text-left aux-text-resp- aux-text-color-dark aux-text-widget-bg-center  aux-text-padding-fix \" >\n        \n                            <div class=\"aux-text-widget-header \"  >\n                        <div class=\"aux-ico-box aux-ico-large aux-ico-shape-circle aux-ico-clear \">\n                            <i aria-hidden=\"true\" class=\"aux-ico fas fa-seedling\"><\/i>                        <\/div>\n                <\/div>\n            \n            <div class=\"aux-text-inner aux-text-widget-content\">\n                                <h4 class=\"col-title\">Comunidad<\/h4>\n                                <h5 class=\"col-subtitle\">Cuidamos el agua, juntos.<\/h5>\n\n                                <div class=\"widget-content\">\n                                        <p>Participa en nuestras iniciativas de sostenibilidad y forma parte del cambio hacia un consumo responsable.<\/p>                <\/div>\n                <a  href=\"https:\/\/riocristal.cl\/agua_purificada\/r-r-s-s\/\" target=\"_self\"   class=\"aux-button aux-medium aux-white aux-round aux-outline\" ><span class=\"aux-overlay\"><\/span><span class=\"aux-text\">Ver m\u00e1s<\/span><\/a>            <\/div>\n        <\/div>\n                    <div class=\"aux-text-widget-footer\">\n                <div class=\"aux-border-shape-none \">\n                                <\/div>\n            <\/div>\n        \n<\/section><!-- widget-container -->\t\t\t\t<\/div>\n\t\t\t\t<\/div>\n\t\t\t\t\t<\/div>\n\t\t<\/div>\n\t\t\t\t\t<\/div>\n\t\t<\/section>\n\t\t\t\t\t<\/div>\n\t\t<\/div>\n\t\t\t\t<div class=\"aux-parallax-section elementor-column elementor-col-33 elementor-top-column elementor-element elementor-element-40d9787\" data-id=\"40d9787\" data-element_type=\"column\" data-e-type=\"column\">\n\t\t\t<div class=\"elementor-widget-wrap\">\n\t\t\t\t\t\t\t<\/div>\n\t\t<\/div>\n\t\t\t\t\t<\/div>\n\t\t<\/section>\n\t\t\t\t<section class=\"elementor-section elementor-top-section elementor-element elementor-element-01d3820 elementor-section-boxed elementor-section-height-default elementor-section-height-default wpr-particle-no wpr-jarallax-no wpr-parallax-no wpr-sticky-section-no wpr-equal-height-no\" data-id=\"01d3820\" data-element_type=\"section\" data-e-type=\"section\">\n\t\t\t\t\t\t<div class=\"elementor-container elementor-column-gap-default\">\n\t\t\t\t\t<div class=\"aux-parallax-section elementor-column elementor-col-100 elementor-top-column elementor-element elementor-element-5b4d0ad\" data-id=\"5b4d0ad\" data-element_type=\"column\" data-e-type=\"column\">\n\t\t\t<div class=\"elementor-widget-wrap elementor-element-populated\">\n\t\t\t\t\t\t<div class=\"elementor-element elementor-element-0dcdfdd elementor-grid-3 elementor-shape-circle e-grid-align-center elementor-widget elementor-widget-social-icons\" data-id=\"0dcdfdd\" data-element_type=\"widget\" data-e-type=\"widget\" data-widget_type=\"social-icons.default\">\n\t\t\t\t<div class=\"elementor-widget-container\">\n\t\t\t\t\t\t\t<div class=\"elementor-social-icons-wrapper elementor-grid\" role=\"list\">\n\t\t\t\t\t\t\t<span class=\"elementor-grid-item\" role=\"listitem\">\n\t\t\t\t\t<a class=\"elementor-icon elementor-social-icon elementor-social-icon-facebook elementor-repeater-item-8a40a0e\" href=\"https:\/\/www.facebook.com\/share\/1ADoPjbqjn\/?mibextid=wwXIfr\" target=\"_blank\">\n\t\t\t\t\t\t<span class=\"elementor-screen-only\">Facebook<\/span>\n\t\t\t\t\t\t<i aria-hidden=\"true\" class=\"fab fa-facebook\"><\/i>\t\t\t\t\t<\/a>\n\t\t\t\t<\/span>\n\t\t\t\t\t\t\t<span class=\"elementor-grid-item\" role=\"listitem\">\n\t\t\t\t\t<a class=\"elementor-icon elementor-social-icon elementor-social-icon-youtube elementor-repeater-item-df449a0\" href=\"https:\/\/www.youtube.com\/channel\/UCH0lq6DE3jnuEdh7L2o83RA\" target=\"_blank\">\n\t\t\t\t\t\t<span class=\"elementor-screen-only\">Youtube<\/span>\n\t\t\t\t\t\t<i aria-hidden=\"true\" class=\"fab fa-youtube\"><\/i>\t\t\t\t\t<\/a>\n\t\t\t\t<\/span>\n\t\t\t\t\t\t\t<span class=\"elementor-grid-item\" role=\"listitem\">\n\t\t\t\t\t<a class=\"elementor-icon elementor-social-icon elementor-social-icon-instagram elementor-repeater-item-98eaba8\" href=\"https:\/\/www.instagram.com\/aguariocristal?igsh=MWhpY2V4Z3dmNG5xaA==\" target=\"_blank\">\n\t\t\t\t\t\t<span class=\"elementor-screen-only\">Instagram<\/span>\n\t\t\t\t\t\t<i aria-hidden=\"true\" class=\"fab fa-instagram\"><\/i>\t\t\t\t\t<\/a>\n\t\t\t\t<\/span>\n\t\t\t\t\t<\/div>\n\t\t\t\t\t\t<\/div>\n\t\t\t\t<\/div>\n\t\t\t\t\t<\/div>\n\t\t<\/div>\n\t\t\t\t\t<\/div>\n\t\t<\/section>\n\t\t\t\t<\/div>\n\t\t","protected":false},"excerpt":{"rendered":"<p>Sucursales Siempre cerca de ti. Encuentra el punto de venta m\u00e1s pr\u00f3ximo y disfruta del sabor puro de R\u00edo Cristal en tu ciudad. Ver m\u00e1s Productos Agua pura en cada formato. Descubre nuestras presentaciones pensadas para acompa\u00f1arte en casa, en el trabajo o donde vayas. Ver m\u00e1s Trabaja con Nosotros S\u00famate a R\u00edo Cristal. Buscamos personas comprometidas con la calidad, el servicio y el cuidado del medio ambiente. Ver m\u00e1s Atenci\u00f3n Empresas Hidrataci\u00f3n para tu equipo. Ofrecemos planes personalizados y entregas programadas para oficinas, industrias y eventos. Ver m\u00e1s Comunidad Cuidamos el agua, juntos. Participa en nuestras iniciativas de sostenibilidad y forma parte del cambio hacia un consumo responsable. Ver m\u00e1s Facebook Youtube Instagram<\/p>\n","protected":false},"author":1,"featured_media":0,"parent":0,"menu_order":0,"comment_status":"closed","ping_status":"closed","template":"elementor_header_footer","meta":{"footnotes":""},"class_list":["post-3326","page","type-page","status-publish","hentry"],"yoast_head":"<!-- This site is optimized with the Yoast SEO plugin v27.4 - https:\/\/yoast.com\/product\/yoast-seo-wordpress\/ -->\n<title>R\u00edo Cristal \/ Bio - Agua Purificada R\u00edo Cristal Spa<\/title>\n<meta name=\"robots\" content=\"index, follow, max-snippet:-1, max-image-preview:large, max-video-preview:-1\" \/>\n<link rel=\"canonical\" href=\"https:\/\/riocristal.cl\/agua_purificada\/rio-cristal-bio\/\" \/>\n<meta property=\"og:locale\" content=\"es_ES\" \/>\n<meta property=\"og:type\" content=\"article\" \/>\n<meta property=\"og:title\" content=\"R\u00edo Cristal \/ Bio - Agua Purificada R\u00edo Cristal Spa\" \/>\n<meta property=\"og:description\" content=\"Sucursales Siempre cerca de ti. Encuentra el punto de venta m\u00e1s pr\u00f3ximo y disfruta del sabor puro de R\u00edo Cristal en tu ciudad. Ver m\u00e1s Productos Agua pura en cada formato. Descubre nuestras presentaciones pensadas para acompa\u00f1arte en casa, en el trabajo o donde vayas. Ver m\u00e1s Trabaja con Nosotros S\u00famate a R\u00edo Cristal. Buscamos personas comprometidas con la calidad, el servicio y el cuidado del medio ambiente. Ver m\u00e1s Atenci\u00f3n Empresas Hidrataci\u00f3n para tu equipo. Ofrecemos planes personalizados y entregas programadas para oficinas, industrias y eventos. Ver m\u00e1s Comunidad Cuidamos el agua, juntos. Participa en nuestras iniciativas de sostenibilidad y forma parte del cambio hacia un consumo responsable. Ver m\u00e1s Facebook Youtube Instagram\" \/>\n<meta property=\"og:url\" content=\"https:\/\/riocristal.cl\/agua_purificada\/rio-cristal-bio\/\" \/>\n<meta property=\"og:site_name\" content=\"Agua Purificada R\u00edo Cristal Spa\" \/>\n<meta property=\"article:modified_time\" content=\"2025-11-11T12:56:16+00:00\" \/>\n<meta name=\"twitter:card\" content=\"summary_large_image\" \/>\n<meta name=\"twitter:label1\" content=\"Tiempo estimado de lectura\" \/>\n\t<meta name=\"twitter:data1\" content=\"1 minuto\" \/>\n<script type=\"application\/ld+json\" class=\"yoast-schema-graph\">{\"@context\":\"https:\\\/\\\/schema.org\",\"@graph\":[{\"@type\":\"WebPage\",\"@id\":\"https:\\\/\\\/riocristal.cl\\\/agua_purificada\\\/rio-cristal-bio\\\/\",\"url\":\"https:\\\/\\\/riocristal.cl\\\/agua_purificada\\\/rio-cristal-bio\\\/\",\"name\":\"R\u00edo Cristal \\\/ Bio - Agua Purificada R\u00edo Cristal Spa\",\"isPartOf\":{\"@id\":\"https:\\\/\\\/riocristal.cl\\\/agua_purificada\\\/#website\"},\"datePublished\":\"2025-10-29T19:42:34+00:00\",\"dateModified\":\"2025-11-11T12:56:16+00:00\",\"breadcrumb\":{\"@id\":\"https:\\\/\\\/riocristal.cl\\\/agua_purificada\\\/rio-cristal-bio\\\/#breadcrumb\"},\"inLanguage\":\"es-CL\",\"potentialAction\":[{\"@type\":\"ReadAction\",\"target\":[\"https:\\\/\\\/riocristal.cl\\\/agua_purificada\\\/rio-cristal-bio\\\/\"]}]},{\"@type\":\"BreadcrumbList\",\"@id\":\"https:\\\/\\\/riocristal.cl\\\/agua_purificada\\\/rio-cristal-bio\\\/#breadcrumb\",\"itemListElement\":[{\"@type\":\"ListItem\",\"position\":1,\"name\":\"Portada\",\"item\":\"https:\\\/\\\/riocristal.cl\\\/agua_purificada\\\/\"},{\"@type\":\"ListItem\",\"position\":2,\"name\":\"R\u00edo Cristal \\\/ Bio\"}]},{\"@type\":\"WebSite\",\"@id\":\"https:\\\/\\\/riocristal.cl\\\/agua_purificada\\\/#website\",\"url\":\"https:\\\/\\\/riocristal.cl\\\/agua_purificada\\\/\",\"name\":\"Agua Purificada R\u00edo Cristal Spa\",\"description\":\"Siempre es tiempo de Agua\",\"publisher\":{\"@id\":\"https:\\\/\\\/riocristal.cl\\\/agua_purificada\\\/#organization\"},\"potentialAction\":[{\"@type\":\"SearchAction\",\"target\":{\"@type\":\"EntryPoint\",\"urlTemplate\":\"https:\\\/\\\/riocristal.cl\\\/agua_purificada\\\/?s={search_term_string}\"},\"query-input\":{\"@type\":\"PropertyValueSpecification\",\"valueRequired\":true,\"valueName\":\"search_term_string\"}}],\"inLanguage\":\"es-CL\"},{\"@type\":\"Organization\",\"@id\":\"https:\\\/\\\/riocristal.cl\\\/agua_purificada\\\/#organization\",\"name\":\"Agua Purificada R\u00edo Cristal Spa\",\"url\":\"https:\\\/\\\/riocristal.cl\\\/agua_purificada\\\/\",\"logo\":{\"@type\":\"ImageObject\",\"inLanguage\":\"es-CL\",\"@id\":\"https:\\\/\\\/riocristal.cl\\\/agua_purificada\\\/#\\\/schema\\\/logo\\\/image\\\/\",\"url\":\"https:\\\/\\\/riocristal.cl\\\/agua_purificada\\\/wp-content\\\/uploads\\\/2025\\\/07\\\/cropped-logo_header_rio_cristal_2025-1.png\",\"contentUrl\":\"https:\\\/\\\/riocristal.cl\\\/agua_purificada\\\/wp-content\\\/uploads\\\/2025\\\/07\\\/cropped-logo_header_rio_cristal_2025-1.png\",\"width\":300,\"height\":85,\"caption\":\"Agua Purificada R\u00edo Cristal Spa\"},\"image\":{\"@id\":\"https:\\\/\\\/riocristal.cl\\\/agua_purificada\\\/#\\\/schema\\\/logo\\\/image\\\/\"},\"sameAs\":[\"https:\\\/\\\/www.instagram.com\\\/aguariocristal\"]}]}<\/script>\n<!-- \/ Yoast SEO plugin. -->","yoast_head_json":{"title":"R\u00edo Cristal \/ Bio - Agua Purificada R\u00edo Cristal Spa","robots":{"index":"index","follow":"follow","max-snippet":"max-snippet:-1","max-image-preview":"max-image-preview:large","max-video-preview":"max-video-preview:-1"},"canonical":"https:\/\/riocristal.cl\/agua_purificada\/rio-cristal-bio\/","og_locale":"es_ES","og_type":"article","og_title":"R\u00edo Cristal \/ Bio - Agua Purificada R\u00edo Cristal Spa","og_description":"Sucursales Siempre cerca de ti. Encuentra el punto de venta m\u00e1s pr\u00f3ximo y disfruta del sabor puro de R\u00edo Cristal en tu ciudad. Ver m\u00e1s Productos Agua pura en cada formato. Descubre nuestras presentaciones pensadas para acompa\u00f1arte en casa, en el trabajo o donde vayas. Ver m\u00e1s Trabaja con Nosotros S\u00famate a R\u00edo Cristal. Buscamos personas comprometidas con la calidad, el servicio y el cuidado del medio ambiente. Ver m\u00e1s Atenci\u00f3n Empresas Hidrataci\u00f3n para tu equipo. Ofrecemos planes personalizados y entregas programadas para oficinas, industrias y eventos. Ver m\u00e1s Comunidad Cuidamos el agua, juntos. Participa en nuestras iniciativas de sostenibilidad y forma parte del cambio hacia un consumo responsable. Ver m\u00e1s Facebook Youtube Instagram","og_url":"https:\/\/riocristal.cl\/agua_purificada\/rio-cristal-bio\/","og_site_name":"Agua Purificada R\u00edo Cristal Spa","article_modified_time":"2025-11-11T12:56:16+00:00","twitter_card":"summary_large_image","twitter_misc":{"Tiempo estimado de lectura":"1 minuto"},"schema":{"@context":"https:\/\/schema.org","@graph":[{"@type":"WebPage","@id":"https:\/\/riocristal.cl\/agua_purificada\/rio-cristal-bio\/","url":"https:\/\/riocristal.cl\/agua_purificada\/rio-cristal-bio\/","name":"R\u00edo Cristal \/ Bio - Agua Purificada R\u00edo Cristal Spa","isPartOf":{"@id":"https:\/\/riocristal.cl\/agua_purificada\/#website"},"datePublished":"2025-10-29T19:42:34+00:00","dateModified":"2025-11-11T12:56:16+00:00","breadcrumb":{"@id":"https:\/\/riocristal.cl\/agua_purificada\/rio-cristal-bio\/#breadcrumb"},"inLanguage":"es-CL","potentialAction":[{"@type":"ReadAction","target":["https:\/\/riocristal.cl\/agua_purificada\/rio-cristal-bio\/"]}]},{"@type":"BreadcrumbList","@id":"https:\/\/riocristal.cl\/agua_purificada\/rio-cristal-bio\/#breadcrumb","itemListElement":[{"@type":"ListItem","position":1,"name":"Portada","item":"https:\/\/riocristal.cl\/agua_purificada\/"},{"@type":"ListItem","position":2,"name":"R\u00edo Cristal \/ Bio"}]},{"@type":"WebSite","@id":"https:\/\/riocristal.cl\/agua_purificada\/#website","url":"https:\/\/riocristal.cl\/agua_purificada\/","name":"Agua Purificada R\u00edo Cristal Spa","description":"Siempre es tiempo de Agua","publisher":{"@id":"https:\/\/riocristal.cl\/agua_purificada\/#organization"},"potentialAction":[{"@type":"SearchAction","target":{"@type":"EntryPoint","urlTemplate":"https:\/\/riocristal.cl\/agua_purificada\/?s={search_term_string}"},"query-input":{"@type":"PropertyValueSpecification","valueRequired":true,"valueName":"search_term_string"}}],"inLanguage":"es-CL"},{"@type":"Organization","@id":"https:\/\/riocristal.cl\/agua_purificada\/#organization","name":"Agua Purificada R\u00edo Cristal Spa","url":"https:\/\/riocristal.cl\/agua_purificada\/","logo":{"@type":"ImageObject","inLanguage":"es-CL","@id":"https:\/\/riocristal.cl\/agua_purificada\/#\/schema\/logo\/image\/","url":"https:\/\/riocristal.cl\/agua_purificada\/wp-content\/uploads\/2025\/07\/cropped-logo_header_rio_cristal_2025-1.png","contentUrl":"https:\/\/riocristal.cl\/agua_purificada\/wp-content\/uploads\/2025\/07\/cropped-logo_header_rio_cristal_2025-1.png","width":300,"height":85,"caption":"Agua Purificada R\u00edo Cristal Spa"},"image":{"@id":"https:\/\/riocristal.cl\/agua_purificada\/#\/schema\/logo\/image\/"},"sameAs":["https:\/\/www.instagram.com\/aguariocristal"]}]}},"_links":{"self":[{"href":"https:\/\/riocristal.cl\/agua_purificada\/wp-json\/wp\/v2\/pages\/3326","targetHints":{"allow":["GET"]}}],"collection":[{"href":"https:\/\/riocristal.cl\/agua_purificada\/wp-json\/wp\/v2\/pages"}],"about":[{"href":"https:\/\/riocristal.cl\/agua_purificada\/wp-json\/wp\/v2\/types\/page"}],"author":[{"embeddable":true,"href":"https:\/\/riocristal.cl\/agua_purificada\/wp-json\/wp\/v2\/users\/1"}],"replies":[{"embeddable":true,"href":"https:\/\/riocristal.cl\/agua_purificada\/wp-json\/wp\/v2\/comments?post=3326"}],"version-history":[{"count":160,"href":"https:\/\/riocristal.cl\/agua_purificada\/wp-json\/wp\/v2\/pages\/3326\/revisions"}],"predecessor-version":[{"id":3511,"href":"https:\/\/riocristal.cl\/agua_purificada\/wp-json\/wp\/v2\/pages\/3326\/revisions\/3511"}],"wp:attachment":[{"href":"https:\/\/riocristal.cl\/agua_purificada\/wp-json\/wp\/v2\/media?parent=3326"}],"curies":[{"name":"wp","href":"https:\/\/api.w.org\/{rel}","templated":true}]}}