{"id":3849,"date":"2026-04-27T21:53:51","date_gmt":"2026-04-27T21:53:51","guid":{"rendered":"https:\/\/riocristal.cl\/agua_purificada\/?page_id=3849"},"modified":"2026-04-27T22:23:35","modified_gmt":"2026-04-27T22:23:35","slug":"ventas","status":"publish","type":"page","link":"https:\/\/riocristal.cl\/agua_purificada\/ventas\/","title":{"rendered":"Ventas"},"content":{"rendered":"\t\t<div data-elementor-type=\"wp-page\" data-elementor-id=\"3849\" class=\"elementor elementor-3849\">\n\t\t\t\t\t\t<section class=\"elementor-section elementor-top-section elementor-element elementor-element-38703fc elementor-section-boxed elementor-section-height-default elementor-section-height-default wpr-particle-no wpr-jarallax-no wpr-parallax-no wpr-sticky-section-no wpr-equal-height-no\" data-id=\"38703fc\" data-element_type=\"section\" data-e-type=\"section\">\n\t\t\t\t\t\t<div class=\"elementor-container elementor-column-gap-default\">\n\t\t\t\t\t<div class=\"aux-parallax-section elementor-column elementor-col-100 elementor-top-column elementor-element elementor-element-1aa6d1f\" data-id=\"1aa6d1f\" data-element_type=\"column\" data-e-type=\"column\">\n\t\t\t<div class=\"elementor-widget-wrap elementor-element-populated\">\n\t\t\t\t\t\t<div class=\"elementor-element elementor-element-b9acc60 elementor-widget elementor-widget-heading\" data-id=\"b9acc60\" data-element_type=\"widget\" data-e-type=\"widget\" data-widget_type=\"heading.default\">\n\t\t\t\t<div class=\"elementor-widget-container\">\n\t\t\t\t\t<h2 class=\"elementor-heading-title elementor-size-default\">Ventas<\/h2>\t\t\t\t<\/div>\n\t\t\t\t<\/div>\n\t\t\t\t\t<\/div>\n\t\t<\/div>\n\t\t\t\t\t<\/div>\n\t\t<\/section>\n\t\t\t\t<section class=\"elementor-section elementor-top-section elementor-element elementor-element-ff50bfb elementor-section-boxed elementor-section-height-default elementor-section-height-default wpr-particle-no wpr-jarallax-no wpr-parallax-no wpr-sticky-section-no wpr-equal-height-no\" data-id=\"ff50bfb\" data-element_type=\"section\" data-e-type=\"section\">\n\t\t\t\t\t\t<div class=\"elementor-container elementor-column-gap-default\">\n\t\t\t\t\t<div class=\"aux-parallax-section elementor-column elementor-col-33 elementor-top-column elementor-element elementor-element-e6885ff\" data-id=\"e6885ff\" data-element_type=\"column\" data-e-type=\"column\">\n\t\t\t<div class=\"elementor-widget-wrap\">\n\t\t\t\t\t\t\t<\/div>\n\t\t<\/div>\n\t\t\t\t<div class=\"aux-parallax-section elementor-column elementor-col-33 elementor-top-column elementor-element elementor-element-8814b03\" data-id=\"8814b03\" data-element_type=\"column\" data-e-type=\"column\">\n\t\t\t<div class=\"elementor-widget-wrap elementor-element-populated\">\n\t\t\t\t\t\t<div class=\"elementor-element elementor-element-bee7e96 elementor-widget elementor-widget-text-editor\" data-id=\"bee7e96\" data-element_type=\"widget\" data-e-type=\"widget\" data-widget_type=\"text-editor.default\">\n\t\t\t\t<div class=\"elementor-widget-container\">\n\t\t\t\t\t\t\t\t\t<p>En Agua R\u00edo Cristal, el equipo de ventas de Agua BBdos es uno de nuestros mayores activos. Contamos con profesionales con amplia experiencia, comprometidos en brindar una atenci\u00f3n cercana, eficiente y confiable. Entendemos la importancia de cumplir a tiempo, por eso trabajamos con altos est\u00e1ndares de coordinaci\u00f3n y respuesta, asegurando que cada pedido llegue cuando y como nuestros clientes lo necesitan. M\u00e1s que vender agua, entregamos tranquilidad y confianza en cada servicio.<\/p>\t\t\t\t\t\t\t\t<\/div>\n\t\t\t\t<\/div>\n\t\t\t\t\t<\/div>\n\t\t<\/div>\n\t\t\t\t<div class=\"aux-parallax-section elementor-column elementor-col-33 elementor-top-column elementor-element elementor-element-78844b2\" data-id=\"78844b2\" data-element_type=\"column\" data-e-type=\"column\">\n\t\t\t<div class=\"elementor-widget-wrap\">\n\t\t\t\t\t\t\t<\/div>\n\t\t<\/div>\n\t\t\t\t\t<\/div>\n\t\t<\/section>\n\t\t\t\t<section class=\"elementor-section elementor-top-section elementor-element elementor-element-43d0b39 elementor-section-boxed elementor-section-height-default elementor-section-height-default wpr-particle-no wpr-jarallax-no wpr-parallax-no wpr-sticky-section-no wpr-equal-height-no\" data-id=\"43d0b39\" data-element_type=\"section\" data-e-type=\"section\">\n\t\t\t\t\t\t<div class=\"elementor-container elementor-column-gap-default\">\n\t\t\t\t\t<div class=\"aux-parallax-section elementor-column elementor-col-100 elementor-top-column elementor-element elementor-element-5ddc092\" data-id=\"5ddc092\" data-element_type=\"column\" data-e-type=\"column\">\n\t\t\t<div class=\"elementor-widget-wrap elementor-element-populated\">\n\t\t\t\t\t\t<div class=\"elementor-element elementor-element-4b4b192 elementor-widget elementor-widget-heading\" data-id=\"4b4b192\" data-element_type=\"widget\" data-e-type=\"widget\" data-widget_type=\"heading.default\">\n\t\t\t\t<div class=\"elementor-widget-container\">\n\t\t\t\t\t<h2 class=\"elementor-heading-title elementor-size-default\">Nuestro Equipo de ventas<\/h2>\t\t\t\t<\/div>\n\t\t\t\t<\/div>\n\t\t\t\t\t<\/div>\n\t\t<\/div>\n\t\t\t\t\t<\/div>\n\t\t<\/section>\n\t\t\t\t<section class=\"elementor-section elementor-top-section elementor-element elementor-element-227faeb elementor-section-boxed elementor-section-height-default elementor-section-height-default wpr-particle-no wpr-jarallax-no wpr-parallax-no wpr-sticky-section-no wpr-equal-height-no\" data-id=\"227faeb\" data-element_type=\"section\" data-e-type=\"section\">\n\t\t\t\t\t\t<div class=\"elementor-container elementor-column-gap-default\">\n\t\t\t\t\t<div class=\"aux-parallax-section elementor-column elementor-col-25 elementor-top-column elementor-element elementor-element-2faf726\" data-id=\"2faf726\" data-element_type=\"column\" data-e-type=\"column\">\n\t\t\t<div class=\"elementor-widget-wrap elementor-element-populated\">\n\t\t\t\t\t\t<div class=\"elementor-element elementor-element-4e8d1b8 elementor-widget elementor-widget-image\" data-id=\"4e8d1b8\" data-element_type=\"widget\" data-e-type=\"widget\" data-widget_type=\"image.default\">\n\t\t\t\t<div class=\"elementor-widget-container\">\n\t\t\t\t\t\t\t\t\t\t\t\t\t\t\t<img decoding=\"async\" width=\"150\" height=\"150\" src=\"https:\/\/riocristal.cl\/agua_purificada\/wp-content\/uploads\/2025\/07\/atencion_clientes_cevin_s.a-150x150.png\" class=\"attachment-thumbnail size-thumbnail wp-image-2734\" alt=\"\" srcset=\"https:\/\/riocristal.cl\/agua_purificada\/wp-content\/uploads\/2025\/07\/atencion_clientes_cevin_s.a-150x150.png 150w, https:\/\/riocristal.cl\/agua_purificada\/wp-content\/uploads\/2025\/07\/atencion_clientes_cevin_s.a-300x300.png 300w, https:\/\/riocristal.cl\/agua_purificada\/wp-content\/uploads\/2025\/07\/atencion_clientes_cevin_s.a-768x768.png 768w\" sizes=\"(max-width: 150px) 100vw, 150px\" \/>\t\t\t\t\t\t\t\t\t\t\t\t\t\t\t<\/div>\n\t\t\t\t<\/div>\n\t\t\t\t<div class=\"elementor-element elementor-element-370e2a9 elementor-widget elementor-widget-aux_text\" data-id=\"370e2a9\" data-element_type=\"widget\" data-e-type=\"widget\" data-widget_type=\"aux_text.default\">\n\t\t\t\t<div class=\"elementor-widget-container\">\n\t\t\t\t\t<section class=\"widget-container aux-widget-text aux-parent-aub9d14858\">        <div class=\"aux-widget-advanced-text aux-wrap-style-simple aux-ico-pos-top aux-text-center aux-text-resp- aux-text-color-dark aux-text-widget-bg-center  \" >\n        \n            \n            <div class=\"aux-text-inner aux-text-widget-content\">\n                                <h4 class=\"col-title\">Mario Rojas<\/h4>\n                                <div class=\"widget-content\">\n                                        <p>Gerente de ventas<\/p>                <\/div>\n                            <\/div>\n        <\/div>\n                    <div class=\"aux-text-widget-footer\">\n                <div class=\"aux-border-shape-none \">\n                                <\/div>\n            <\/div>\n        \n<\/section><!-- widget-container -->\t\t\t\t<\/div>\n\t\t\t\t<\/div>\n\t\t\t\t\t<\/div>\n\t\t<\/div>\n\t\t\t\t<div class=\"aux-parallax-section elementor-column elementor-col-25 elementor-top-column elementor-element elementor-element-ead27e7\" data-id=\"ead27e7\" data-element_type=\"column\" data-e-type=\"column\">\n\t\t\t<div class=\"elementor-widget-wrap elementor-element-populated\">\n\t\t\t\t\t\t<div class=\"elementor-element elementor-element-d5dc659 elementor-widget elementor-widget-image\" data-id=\"d5dc659\" data-element_type=\"widget\" data-e-type=\"widget\" data-widget_type=\"image.default\">\n\t\t\t\t<div class=\"elementor-widget-container\">\n\t\t\t\t\t\t\t\t\t\t\t\t\t\t\t<img decoding=\"async\" width=\"150\" height=\"150\" src=\"https:\/\/riocristal.cl\/agua_purificada\/wp-content\/uploads\/2025\/07\/atencion_clientes_cevin_s.a-150x150.png\" class=\"attachment-thumbnail size-thumbnail wp-image-2734\" alt=\"\" srcset=\"https:\/\/riocristal.cl\/agua_purificada\/wp-content\/uploads\/2025\/07\/atencion_clientes_cevin_s.a-150x150.png 150w, https:\/\/riocristal.cl\/agua_purificada\/wp-content\/uploads\/2025\/07\/atencion_clientes_cevin_s.a-300x300.png 300w, https:\/\/riocristal.cl\/agua_purificada\/wp-content\/uploads\/2025\/07\/atencion_clientes_cevin_s.a-768x768.png 768w\" sizes=\"(max-width: 150px) 100vw, 150px\" \/>\t\t\t\t\t\t\t\t\t\t\t\t\t\t\t<\/div>\n\t\t\t\t<\/div>\n\t\t\t\t<div class=\"elementor-element elementor-element-24e9a21 elementor-widget elementor-widget-aux_text\" data-id=\"24e9a21\" data-element_type=\"widget\" data-e-type=\"widget\" data-widget_type=\"aux_text.default\">\n\t\t\t\t<div class=\"elementor-widget-container\">\n\t\t\t\t\t<section class=\"widget-container aux-widget-text aux-parent-auf4ec7de5\">        <div class=\"aux-widget-advanced-text aux-wrap-style-simple aux-ico-pos-top aux-text-center aux-text-resp- aux-text-color-dark aux-text-widget-bg-center  \" >\n        \n            \n            <div class=\"aux-text-inner aux-text-widget-content\">\n                                <h4 class=\"col-title\">Mario Rojas<\/h4>\n                                <div class=\"widget-content\">\n                                        <p>Gerente de ventas<\/p>                <\/div>\n                            <\/div>\n        <\/div>\n                    <div class=\"aux-text-widget-footer\">\n                <div class=\"aux-border-shape-none \">\n                                <\/div>\n            <\/div>\n        \n<\/section><!-- widget-container -->\t\t\t\t<\/div>\n\t\t\t\t<\/div>\n\t\t\t\t\t<\/div>\n\t\t<\/div>\n\t\t\t\t<div class=\"aux-parallax-section elementor-column elementor-col-25 elementor-top-column elementor-element elementor-element-39b5b8b\" data-id=\"39b5b8b\" data-element_type=\"column\" data-e-type=\"column\">\n\t\t\t<div class=\"elementor-widget-wrap elementor-element-populated\">\n\t\t\t\t\t\t<div class=\"elementor-element elementor-element-d0d9819 elementor-widget elementor-widget-image\" data-id=\"d0d9819\" data-element_type=\"widget\" data-e-type=\"widget\" data-widget_type=\"image.default\">\n\t\t\t\t<div class=\"elementor-widget-container\">\n\t\t\t\t\t\t\t\t\t\t\t\t\t\t\t<img decoding=\"async\" width=\"150\" height=\"150\" src=\"https:\/\/riocristal.cl\/agua_purificada\/wp-content\/uploads\/2025\/07\/atencion_clientes_cevin_s.a-150x150.png\" class=\"attachment-thumbnail size-thumbnail wp-image-2734\" alt=\"\" srcset=\"https:\/\/riocristal.cl\/agua_purificada\/wp-content\/uploads\/2025\/07\/atencion_clientes_cevin_s.a-150x150.png 150w, https:\/\/riocristal.cl\/agua_purificada\/wp-content\/uploads\/2025\/07\/atencion_clientes_cevin_s.a-300x300.png 300w, https:\/\/riocristal.cl\/agua_purificada\/wp-content\/uploads\/2025\/07\/atencion_clientes_cevin_s.a-768x768.png 768w\" sizes=\"(max-width: 150px) 100vw, 150px\" \/>\t\t\t\t\t\t\t\t\t\t\t\t\t\t\t<\/div>\n\t\t\t\t<\/div>\n\t\t\t\t<div class=\"elementor-element elementor-element-3a5845b elementor-widget elementor-widget-aux_text\" data-id=\"3a5845b\" data-element_type=\"widget\" data-e-type=\"widget\" data-widget_type=\"aux_text.default\">\n\t\t\t\t<div class=\"elementor-widget-container\">\n\t\t\t\t\t<section class=\"widget-container aux-widget-text aux-parent-aue74913f8\">        <div class=\"aux-widget-advanced-text aux-wrap-style-simple aux-ico-pos-top aux-text-center aux-text-resp- aux-text-color-dark aux-text-widget-bg-center  \" >\n        \n            \n            <div class=\"aux-text-inner aux-text-widget-content\">\n                                <h4 class=\"col-title\">Mario Rojas<\/h4>\n                                <div class=\"widget-content\">\n                                        <p>Gerente de ventas<\/p>                <\/div>\n                            <\/div>\n        <\/div>\n                    <div class=\"aux-text-widget-footer\">\n                <div class=\"aux-border-shape-none \">\n                                <\/div>\n            <\/div>\n        \n<\/section><!-- widget-container -->\t\t\t\t<\/div>\n\t\t\t\t<\/div>\n\t\t\t\t\t<\/div>\n\t\t<\/div>\n\t\t\t\t<div class=\"aux-parallax-section elementor-column elementor-col-25 elementor-top-column elementor-element elementor-element-8b21791\" data-id=\"8b21791\" data-element_type=\"column\" data-e-type=\"column\">\n\t\t\t<div class=\"elementor-widget-wrap elementor-element-populated\">\n\t\t\t\t\t\t<div class=\"elementor-element elementor-element-9fa2e2d elementor-widget elementor-widget-image\" data-id=\"9fa2e2d\" data-element_type=\"widget\" data-e-type=\"widget\" data-widget_type=\"image.default\">\n\t\t\t\t<div class=\"elementor-widget-container\">\n\t\t\t\t\t\t\t\t\t\t\t\t\t\t\t<img decoding=\"async\" width=\"150\" height=\"150\" src=\"https:\/\/riocristal.cl\/agua_purificada\/wp-content\/uploads\/2025\/07\/atencion_clientes_cevin_s.a-150x150.png\" class=\"attachment-thumbnail size-thumbnail wp-image-2734\" alt=\"\" srcset=\"https:\/\/riocristal.cl\/agua_purificada\/wp-content\/uploads\/2025\/07\/atencion_clientes_cevin_s.a-150x150.png 150w, https:\/\/riocristal.cl\/agua_purificada\/wp-content\/uploads\/2025\/07\/atencion_clientes_cevin_s.a-300x300.png 300w, https:\/\/riocristal.cl\/agua_purificada\/wp-content\/uploads\/2025\/07\/atencion_clientes_cevin_s.a-768x768.png 768w\" sizes=\"(max-width: 150px) 100vw, 150px\" \/>\t\t\t\t\t\t\t\t\t\t\t\t\t\t\t<\/div>\n\t\t\t\t<\/div>\n\t\t\t\t<div class=\"elementor-element elementor-element-89b88a9 elementor-widget elementor-widget-aux_text\" data-id=\"89b88a9\" data-element_type=\"widget\" data-e-type=\"widget\" data-widget_type=\"aux_text.default\">\n\t\t\t\t<div class=\"elementor-widget-container\">\n\t\t\t\t\t<section class=\"widget-container aux-widget-text aux-parent-auccca1422\">        <div class=\"aux-widget-advanced-text aux-wrap-style-simple aux-ico-pos-top aux-text-center aux-text-resp- aux-text-color-dark aux-text-widget-bg-center  \" >\n        \n            \n            <div class=\"aux-text-inner aux-text-widget-content\">\n                                <h4 class=\"col-title\">Mario Rojas<\/h4>\n                                <div class=\"widget-content\">\n                                        <p>Gerente de ventas<\/p>                <\/div>\n                            <\/div>\n        <\/div>\n                    <div class=\"aux-text-widget-footer\">\n                <div class=\"aux-border-shape-none \">\n                                <\/div>\n            <\/div>\n        \n<\/section><!-- widget-container -->\t\t\t\t<\/div>\n\t\t\t\t<\/div>\n\t\t\t\t\t<\/div>\n\t\t<\/div>\n\t\t\t\t\t<\/div>\n\t\t<\/section>\n\t\t\t\t<\/div>\n\t\t","protected":false},"excerpt":{"rendered":"<p>Ventas En Agua R\u00edo Cristal, el equipo de ventas de Agua BBdos es uno de nuestros mayores activos. Contamos con profesionales con amplia experiencia, comprometidos en brindar una atenci\u00f3n cercana, eficiente y confiable. Entendemos la importancia de cumplir a tiempo, por eso trabajamos con altos est\u00e1ndares de coordinaci\u00f3n y respuesta, asegurando que cada pedido llegue cuando y como nuestros clientes lo necesitan. M\u00e1s que vender agua, entregamos tranquilidad y confianza en cada servicio. Nuestro Equipo de ventas Mario Rojas Gerente de ventas Mario Rojas Gerente de ventas Mario Rojas Gerente de ventas Mario Rojas Gerente de ventas<\/p>\n","protected":false},"author":1,"featured_media":0,"parent":0,"menu_order":0,"comment_status":"closed","ping_status":"closed","template":"","meta":{"footnotes":""},"class_list":["post-3849","page","type-page","status-publish","hentry"],"yoast_head":"<!-- This site is optimized with the Yoast SEO plugin v27.4 - https:\/\/yoast.com\/product\/yoast-seo-wordpress\/ -->\n<title>Ventas - Agua Purificada R\u00edo Cristal Spa<\/title>\n<meta name=\"robots\" content=\"index, follow, max-snippet:-1, max-image-preview:large, max-video-preview:-1\" \/>\n<link rel=\"canonical\" href=\"https:\/\/riocristal.cl\/agua_purificada\/ventas\/\" \/>\n<meta property=\"og:locale\" content=\"es_ES\" \/>\n<meta property=\"og:type\" content=\"article\" \/>\n<meta property=\"og:title\" content=\"Ventas - Agua Purificada R\u00edo Cristal Spa\" \/>\n<meta property=\"og:description\" content=\"Ventas En Agua R\u00edo Cristal, el equipo de ventas de Agua BBdos es uno de nuestros mayores activos. Contamos con profesionales con amplia experiencia, comprometidos en brindar una atenci\u00f3n cercana, eficiente y confiable. Entendemos la importancia de cumplir a tiempo, por eso trabajamos con altos est\u00e1ndares de coordinaci\u00f3n y respuesta, asegurando que cada pedido llegue cuando y como nuestros clientes lo necesitan. M\u00e1s que vender agua, entregamos tranquilidad y confianza en cada servicio. Nuestro Equipo de ventas Mario Rojas Gerente de ventas Mario Rojas Gerente de ventas Mario Rojas Gerente de ventas Mario Rojas Gerente de ventas\" \/>\n<meta property=\"og:url\" content=\"https:\/\/riocristal.cl\/agua_purificada\/ventas\/\" \/>\n<meta property=\"og:site_name\" content=\"Agua Purificada R\u00edo Cristal Spa\" \/>\n<meta property=\"article:modified_time\" content=\"2026-04-27T22:23:35+00:00\" \/>\n<meta property=\"og:image\" content=\"https:\/\/riocristal.cl\/agua_purificada\/wp-content\/uploads\/2025\/07\/atencion_clientes_cevin_s.a.png\" \/>\n\t<meta property=\"og:image:width\" content=\"920\" \/>\n\t<meta property=\"og:image:height\" content=\"942\" \/>\n\t<meta property=\"og:image:type\" content=\"image\/png\" \/>\n<meta name=\"twitter:card\" content=\"summary_large_image\" \/>\n<meta name=\"twitter:label1\" content=\"Tiempo estimado de lectura\" \/>\n\t<meta name=\"twitter:data1\" content=\"2 minutos\" \/>\n<script type=\"application\/ld+json\" class=\"yoast-schema-graph\">{\"@context\":\"https:\\\/\\\/schema.org\",\"@graph\":[{\"@type\":\"WebPage\",\"@id\":\"https:\\\/\\\/riocristal.cl\\\/agua_purificada\\\/ventas\\\/\",\"url\":\"https:\\\/\\\/riocristal.cl\\\/agua_purificada\\\/ventas\\\/\",\"name\":\"Ventas - Agua Purificada R\u00edo Cristal Spa\",\"isPartOf\":{\"@id\":\"https:\\\/\\\/riocristal.cl\\\/agua_purificada\\\/#website\"},\"primaryImageOfPage\":{\"@id\":\"https:\\\/\\\/riocristal.cl\\\/agua_purificada\\\/ventas\\\/#primaryimage\"},\"image\":{\"@id\":\"https:\\\/\\\/riocristal.cl\\\/agua_purificada\\\/ventas\\\/#primaryimage\"},\"thumbnailUrl\":\"https:\\\/\\\/riocristal.cl\\\/agua_purificada\\\/wp-content\\\/uploads\\\/2025\\\/07\\\/atencion_clientes_cevin_s.a-150x150.png\",\"datePublished\":\"2026-04-27T21:53:51+00:00\",\"dateModified\":\"2026-04-27T22:23:35+00:00\",\"breadcrumb\":{\"@id\":\"https:\\\/\\\/riocristal.cl\\\/agua_purificada\\\/ventas\\\/#breadcrumb\"},\"inLanguage\":\"es-CL\",\"potentialAction\":[{\"@type\":\"ReadAction\",\"target\":[\"https:\\\/\\\/riocristal.cl\\\/agua_purificada\\\/ventas\\\/\"]}]},{\"@type\":\"ImageObject\",\"inLanguage\":\"es-CL\",\"@id\":\"https:\\\/\\\/riocristal.cl\\\/agua_purificada\\\/ventas\\\/#primaryimage\",\"url\":\"https:\\\/\\\/riocristal.cl\\\/agua_purificada\\\/wp-content\\\/uploads\\\/2025\\\/07\\\/atencion_clientes_cevin_s.a.png\",\"contentUrl\":\"https:\\\/\\\/riocristal.cl\\\/agua_purificada\\\/wp-content\\\/uploads\\\/2025\\\/07\\\/atencion_clientes_cevin_s.a.png\",\"width\":920,\"height\":942},{\"@type\":\"BreadcrumbList\",\"@id\":\"https:\\\/\\\/riocristal.cl\\\/agua_purificada\\\/ventas\\\/#breadcrumb\",\"itemListElement\":[{\"@type\":\"ListItem\",\"position\":1,\"name\":\"Portada\",\"item\":\"https:\\\/\\\/riocristal.cl\\\/agua_purificada\\\/\"},{\"@type\":\"ListItem\",\"position\":2,\"name\":\"Ventas\"}]},{\"@type\":\"WebSite\",\"@id\":\"https:\\\/\\\/riocristal.cl\\\/agua_purificada\\\/#website\",\"url\":\"https:\\\/\\\/riocristal.cl\\\/agua_purificada\\\/\",\"name\":\"Agua Purificada R\u00edo Cristal Spa\",\"description\":\"Siempre es tiempo de Agua\",\"publisher\":{\"@id\":\"https:\\\/\\\/riocristal.cl\\\/agua_purificada\\\/#organization\"},\"potentialAction\":[{\"@type\":\"SearchAction\",\"target\":{\"@type\":\"EntryPoint\",\"urlTemplate\":\"https:\\\/\\\/riocristal.cl\\\/agua_purificada\\\/?s={search_term_string}\"},\"query-input\":{\"@type\":\"PropertyValueSpecification\",\"valueRequired\":true,\"valueName\":\"search_term_string\"}}],\"inLanguage\":\"es-CL\"},{\"@type\":\"Organization\",\"@id\":\"https:\\\/\\\/riocristal.cl\\\/agua_purificada\\\/#organization\",\"name\":\"Agua Purificada R\u00edo Cristal Spa\",\"url\":\"https:\\\/\\\/riocristal.cl\\\/agua_purificada\\\/\",\"logo\":{\"@type\":\"ImageObject\",\"inLanguage\":\"es-CL\",\"@id\":\"https:\\\/\\\/riocristal.cl\\\/agua_purificada\\\/#\\\/schema\\\/logo\\\/image\\\/\",\"url\":\"https:\\\/\\\/riocristal.cl\\\/agua_purificada\\\/wp-content\\\/uploads\\\/2025\\\/07\\\/cropped-logo_header_rio_cristal_2025-1.png\",\"contentUrl\":\"https:\\\/\\\/riocristal.cl\\\/agua_purificada\\\/wp-content\\\/uploads\\\/2025\\\/07\\\/cropped-logo_header_rio_cristal_2025-1.png\",\"width\":300,\"height\":85,\"caption\":\"Agua Purificada R\u00edo Cristal Spa\"},\"image\":{\"@id\":\"https:\\\/\\\/riocristal.cl\\\/agua_purificada\\\/#\\\/schema\\\/logo\\\/image\\\/\"},\"sameAs\":[\"https:\\\/\\\/www.instagram.com\\\/aguariocristal\"]}]}<\/script>\n<!-- \/ Yoast SEO plugin. -->","yoast_head_json":{"title":"Ventas - Agua Purificada R\u00edo Cristal Spa","robots":{"index":"index","follow":"follow","max-snippet":"max-snippet:-1","max-image-preview":"max-image-preview:large","max-video-preview":"max-video-preview:-1"},"canonical":"https:\/\/riocristal.cl\/agua_purificada\/ventas\/","og_locale":"es_ES","og_type":"article","og_title":"Ventas - Agua Purificada R\u00edo Cristal Spa","og_description":"Ventas En Agua R\u00edo Cristal, el equipo de ventas de Agua BBdos es uno de nuestros mayores activos. Contamos con profesionales con amplia experiencia, comprometidos en brindar una atenci\u00f3n cercana, eficiente y confiable. Entendemos la importancia de cumplir a tiempo, por eso trabajamos con altos est\u00e1ndares de coordinaci\u00f3n y respuesta, asegurando que cada pedido llegue cuando y como nuestros clientes lo necesitan. M\u00e1s que vender agua, entregamos tranquilidad y confianza en cada servicio. Nuestro Equipo de ventas Mario Rojas Gerente de ventas Mario Rojas Gerente de ventas Mario Rojas Gerente de ventas Mario Rojas Gerente de ventas","og_url":"https:\/\/riocristal.cl\/agua_purificada\/ventas\/","og_site_name":"Agua Purificada R\u00edo Cristal Spa","article_modified_time":"2026-04-27T22:23:35+00:00","og_image":[{"width":920,"height":942,"url":"https:\/\/riocristal.cl\/agua_purificada\/wp-content\/uploads\/2025\/07\/atencion_clientes_cevin_s.a.png","type":"image\/png"}],"twitter_card":"summary_large_image","twitter_misc":{"Tiempo estimado de lectura":"2 minutos"},"schema":{"@context":"https:\/\/schema.org","@graph":[{"@type":"WebPage","@id":"https:\/\/riocristal.cl\/agua_purificada\/ventas\/","url":"https:\/\/riocristal.cl\/agua_purificada\/ventas\/","name":"Ventas - Agua Purificada R\u00edo Cristal Spa","isPartOf":{"@id":"https:\/\/riocristal.cl\/agua_purificada\/#website"},"primaryImageOfPage":{"@id":"https:\/\/riocristal.cl\/agua_purificada\/ventas\/#primaryimage"},"image":{"@id":"https:\/\/riocristal.cl\/agua_purificada\/ventas\/#primaryimage"},"thumbnailUrl":"https:\/\/riocristal.cl\/agua_purificada\/wp-content\/uploads\/2025\/07\/atencion_clientes_cevin_s.a-150x150.png","datePublished":"2026-04-27T21:53:51+00:00","dateModified":"2026-04-27T22:23:35+00:00","breadcrumb":{"@id":"https:\/\/riocristal.cl\/agua_purificada\/ventas\/#breadcrumb"},"inLanguage":"es-CL","potentialAction":[{"@type":"ReadAction","target":["https:\/\/riocristal.cl\/agua_purificada\/ventas\/"]}]},{"@type":"ImageObject","inLanguage":"es-CL","@id":"https:\/\/riocristal.cl\/agua_purificada\/ventas\/#primaryimage","url":"https:\/\/riocristal.cl\/agua_purificada\/wp-content\/uploads\/2025\/07\/atencion_clientes_cevin_s.a.png","contentUrl":"https:\/\/riocristal.cl\/agua_purificada\/wp-content\/uploads\/2025\/07\/atencion_clientes_cevin_s.a.png","width":920,"height":942},{"@type":"BreadcrumbList","@id":"https:\/\/riocristal.cl\/agua_purificada\/ventas\/#breadcrumb","itemListElement":[{"@type":"ListItem","position":1,"name":"Portada","item":"https:\/\/riocristal.cl\/agua_purificada\/"},{"@type":"ListItem","position":2,"name":"Ventas"}]},{"@type":"WebSite","@id":"https:\/\/riocristal.cl\/agua_purificada\/#website","url":"https:\/\/riocristal.cl\/agua_purificada\/","name":"Agua Purificada R\u00edo Cristal Spa","description":"Siempre es tiempo de Agua","publisher":{"@id":"https:\/\/riocristal.cl\/agua_purificada\/#organization"},"potentialAction":[{"@type":"SearchAction","target":{"@type":"EntryPoint","urlTemplate":"https:\/\/riocristal.cl\/agua_purificada\/?s={search_term_string}"},"query-input":{"@type":"PropertyValueSpecification","valueRequired":true,"valueName":"search_term_string"}}],"inLanguage":"es-CL"},{"@type":"Organization","@id":"https:\/\/riocristal.cl\/agua_purificada\/#organization","name":"Agua Purificada R\u00edo Cristal Spa","url":"https:\/\/riocristal.cl\/agua_purificada\/","logo":{"@type":"ImageObject","inLanguage":"es-CL","@id":"https:\/\/riocristal.cl\/agua_purificada\/#\/schema\/logo\/image\/","url":"https:\/\/riocristal.cl\/agua_purificada\/wp-content\/uploads\/2025\/07\/cropped-logo_header_rio_cristal_2025-1.png","contentUrl":"https:\/\/riocristal.cl\/agua_purificada\/wp-content\/uploads\/2025\/07\/cropped-logo_header_rio_cristal_2025-1.png","width":300,"height":85,"caption":"Agua Purificada R\u00edo Cristal Spa"},"image":{"@id":"https:\/\/riocristal.cl\/agua_purificada\/#\/schema\/logo\/image\/"},"sameAs":["https:\/\/www.instagram.com\/aguariocristal"]}]}},"_links":{"self":[{"href":"https:\/\/riocristal.cl\/agua_purificada\/wp-json\/wp\/v2\/pages\/3849","targetHints":{"allow":["GET"]}}],"collection":[{"href":"https:\/\/riocristal.cl\/agua_purificada\/wp-json\/wp\/v2\/pages"}],"about":[{"href":"https:\/\/riocristal.cl\/agua_purificada\/wp-json\/wp\/v2\/types\/page"}],"author":[{"embeddable":true,"href":"https:\/\/riocristal.cl\/agua_purificada\/wp-json\/wp\/v2\/users\/1"}],"replies":[{"embeddable":true,"href":"https:\/\/riocristal.cl\/agua_purificada\/wp-json\/wp\/v2\/comments?post=3849"}],"version-history":[{"count":25,"href":"https:\/\/riocristal.cl\/agua_purificada\/wp-json\/wp\/v2\/pages\/3849\/revisions"}],"predecessor-version":[{"id":3877,"href":"https:\/\/riocristal.cl\/agua_purificada\/wp-json\/wp\/v2\/pages\/3849\/revisions\/3877"}],"wp:attachment":[{"href":"https:\/\/riocristal.cl\/agua_purificada\/wp-json\/wp\/v2\/media?parent=3849"}],"curies":[{"name":"wp","href":"https:\/\/api.w.org\/{rel}","templated":true}]}}