{"id":62,"date":"2023-01-31T17:32:32","date_gmt":"2023-01-31T17:32:32","guid":{"rendered":"https:\/\/riocristal.cl\/agua_purificada\/?page_id=62"},"modified":"2025-07-07T20:01:51","modified_gmt":"2025-07-07T20:01:51","slug":"agua-experiencia-calidad-servicio-equipo-28-anos-de-experiencia","status":"publish","type":"page","link":"https:\/\/riocristal.cl\/agua_purificada\/agua-experiencia-calidad-servicio-equipo-28-anos-de-experiencia\/","title":{"rendered":"Experiencia"},"content":{"rendered":"\t\t<div data-elementor-type=\"wp-page\" data-elementor-id=\"62\" class=\"elementor elementor-62\">\n\t\t\t\t\t\t<section class=\"elementor-section elementor-top-section elementor-element elementor-element-b6f6ff4 elementor-section-boxed elementor-section-height-default elementor-section-height-default wpr-particle-no wpr-jarallax-no wpr-parallax-no wpr-sticky-section-no wpr-equal-height-no\" data-id=\"b6f6ff4\" data-element_type=\"section\" data-e-type=\"section\">\n\t\t\t\t\t\t<div class=\"elementor-container elementor-column-gap-default\">\n\t\t\t\t\t<div class=\"aux-parallax-section elementor-column elementor-col-50 elementor-top-column elementor-element elementor-element-43dde9a\" data-id=\"43dde9a\" data-element_type=\"column\" data-e-type=\"column\">\n\t\t\t<div class=\"elementor-widget-wrap\">\n\t\t\t\t\t\t\t<\/div>\n\t\t<\/div>\n\t\t\t\t<div class=\"aux-parallax-section elementor-column elementor-col-50 elementor-top-column elementor-element elementor-element-74b42d9\" data-id=\"74b42d9\" data-element_type=\"column\" data-e-type=\"column\">\n\t\t\t<div class=\"elementor-widget-wrap elementor-element-populated\">\n\t\t\t\t\t\t<div class=\"elementor-element elementor-element-e325c20 elementor-widget__width-initial elementor-widget elementor-widget-heading\" data-id=\"e325c20\" data-element_type=\"widget\" data-e-type=\"widget\" data-widget_type=\"heading.default\">\n\t\t\t\t<div class=\"elementor-widget-container\">\n\t\t\t\t\t<h2 class=\"elementor-heading-title elementor-size-default\">EXPERIENCIA<\/h2>\t\t\t\t<\/div>\n\t\t\t\t<\/div>\n\t\t\t\t\t<\/div>\n\t\t<\/div>\n\t\t\t\t\t<\/div>\n\t\t<\/section>\n\t\t\t\t<section class=\"elementor-section elementor-top-section elementor-element elementor-element-b03c5a0 elementor-section-boxed elementor-section-height-default elementor-section-height-default wpr-particle-no wpr-jarallax-no wpr-parallax-no wpr-sticky-section-no wpr-equal-height-no\" data-id=\"b03c5a0\" data-element_type=\"section\" data-e-type=\"section\">\n\t\t\t\t\t\t<div class=\"elementor-container elementor-column-gap-default\">\n\t\t\t\t\t<div class=\"aux-parallax-section elementor-column elementor-col-100 elementor-top-column elementor-element elementor-element-a29d484\" data-id=\"a29d484\" data-element_type=\"column\" data-e-type=\"column\">\n\t\t\t<div class=\"elementor-widget-wrap elementor-element-populated\">\n\t\t\t\t\t\t<div class=\"elementor-element elementor-element-9e35400 elementor-widget elementor-widget-spacer\" data-id=\"9e35400\" data-element_type=\"widget\" data-e-type=\"widget\" data-widget_type=\"spacer.default\">\n\t\t\t\t<div class=\"elementor-widget-container\">\n\t\t\t\t\t\t\t<div class=\"elementor-spacer\">\n\t\t\t<div class=\"elementor-spacer-inner\"><\/div>\n\t\t<\/div>\n\t\t\t\t\t\t<\/div>\n\t\t\t\t<\/div>\n\t\t\t\t\t<\/div>\n\t\t<\/div>\n\t\t\t\t\t<\/div>\n\t\t<\/section>\n\t\t\t\t<section class=\"elementor-section elementor-top-section elementor-element elementor-element-cf6cfd4 elementor-section-boxed elementor-section-height-default elementor-section-height-default wpr-particle-no wpr-jarallax-no wpr-parallax-no wpr-sticky-section-no wpr-equal-height-no\" data-id=\"cf6cfd4\" data-element_type=\"section\" data-e-type=\"section\">\n\t\t\t\t\t\t<div class=\"elementor-container elementor-column-gap-default\">\n\t\t\t\t\t<div class=\"aux-parallax-section elementor-column elementor-col-50 elementor-top-column elementor-element elementor-element-d2748b6\" data-id=\"d2748b6\" data-element_type=\"column\" data-e-type=\"column\">\n\t\t\t<div class=\"elementor-widget-wrap elementor-element-populated\">\n\t\t\t\t\t\t<div class=\"elementor-element elementor-element-f3931a2 elementor-widget__width-initial elementor-hidden-mobile elementor-widget elementor-widget-heading\" data-id=\"f3931a2\" data-element_type=\"widget\" data-e-type=\"widget\" data-widget_type=\"heading.default\">\n\t\t\t\t<div class=\"elementor-widget-container\">\n\t\t\t\t\t<span class=\"elementor-heading-title elementor-size-default\">\"<b>R\u00edo Cristal<\/b> es una empresa dedicada a la producci\u00f3n de agua purificada, con <b>28 a\u00f1os de experiencia e<\/b>n el <b>mercado.<\/b> Nos enorgullece ofrecer un servicio eficiente y destacarnos entre los principales proveedores del sector empresarial. Contamos con un profundo conocimiento de la tecnolog\u00eda disponible en nuestra industria, lo que nos permite brindar soluciones de alta calidad a nuestros clientes.\"\n<\/span>\t\t\t\t<\/div>\n\t\t\t\t<\/div>\n\t\t\t\t\t<\/div>\n\t\t<\/div>\n\t\t\t\t<div class=\"aux-parallax-section elementor-column elementor-col-25 elementor-top-column elementor-element elementor-element-f9398ec\" data-id=\"f9398ec\" data-element_type=\"column\" data-e-type=\"column\">\n\t\t\t<div class=\"elementor-widget-wrap elementor-element-populated\">\n\t\t\t\t\t\t<div class=\"elementor-element elementor-element-cd206eb elementor-widget elementor-widget-image\" data-id=\"cd206eb\" data-element_type=\"widget\" data-e-type=\"widget\" data-widget_type=\"image.default\">\n\t\t\t\t<div class=\"elementor-widget-container\">\n\t\t\t\t\t\t\t\t\t\t\t\t\t\t\t<img fetchpriority=\"high\" decoding=\"async\" width=\"1431\" height=\"801\" src=\"https:\/\/riocristal.cl\/agua_purificada\/wp-content\/uploads\/2024\/11\/Captura-de-Pantalla-2024-11-14-a-las-10.52.14.png\" class=\"attachment-full size-full wp-image-2300\" alt=\"\" \/>\t\t\t\t\t\t\t\t\t\t\t\t\t\t\t<\/div>\n\t\t\t\t<\/div>\n\t\t\t\t\t<\/div>\n\t\t<\/div>\n\t\t\t\t<div class=\"aux-parallax-section elementor-column elementor-col-25 elementor-top-column elementor-element elementor-element-637cdd9\" data-id=\"637cdd9\" data-element_type=\"column\" data-e-type=\"column\">\n\t\t\t<div class=\"elementor-widget-wrap elementor-element-populated\">\n\t\t\t\t\t\t<div class=\"elementor-element elementor-element-bc322b2 elementor-widget__width-initial elementor-widget elementor-widget-image\" data-id=\"bc322b2\" data-element_type=\"widget\" data-e-type=\"widget\" data-widget_type=\"image.default\">\n\t\t\t\t<div class=\"elementor-widget-container\">\n\t\t\t\t\t\t\t\t\t\t\t\t\t\t\t<img decoding=\"async\" width=\"1066\" height=\"664\" src=\"https:\/\/riocristal.cl\/agua_purificada\/wp-content\/uploads\/2024\/11\/20menosplasticoriocristal.png\" class=\"attachment-full size-full wp-image-2394\" alt=\"\" \/>\t\t\t\t\t\t\t\t\t\t\t\t\t\t\t<\/div>\n\t\t\t\t<\/div>\n\t\t\t\t\t<\/div>\n\t\t<\/div>\n\t\t\t\t\t<\/div>\n\t\t<\/section>\n\t\t\t\t<\/div>\n\t\t","protected":false},"excerpt":{"rendered":"<p>EXPERIENCIA &#8220;R\u00edo Cristal es una empresa dedicada a la producci\u00f3n de agua purificada, con 28 a\u00f1os de experiencia en el mercado. Nos enorgullece ofrecer un servicio eficiente y destacarnos entre los principales proveedores del sector empresarial. Contamos con un profundo conocimiento de la tecnolog\u00eda disponible en nuestra industria, lo que nos permite brindar soluciones de alta calidad a nuestros clientes.&#8221;<\/p>\n","protected":false},"author":1,"featured_media":0,"parent":0,"menu_order":0,"comment_status":"closed","ping_status":"closed","template":"","meta":{"footnotes":""},"class_list":["post-62","page","type-page","status-publish","hentry"],"yoast_head":"<!-- This site is optimized with the Yoast SEO plugin v27.4 - https:\/\/yoast.com\/product\/yoast-seo-wordpress\/ -->\n<title>Experiencia - Agua Purificada R\u00edo Cristal Spa<\/title>\n<meta name=\"description\" content=\"R\u00edo Cristal es una empresa productora de agua purificada con 28 a\u00f1os de experiencia en el mercado, entregando un producto de calidad y un servicio eficiente de entrega.\" \/>\n<meta name=\"robots\" content=\"index, follow, max-snippet:-1, max-image-preview:large, max-video-preview:-1\" \/>\n<link rel=\"canonical\" href=\"https:\/\/riocristal.cl\/agua_purificada\/agua-experiencia-calidad-servicio-equipo-28-anos-de-experiencia\/\" \/>\n<meta property=\"og:locale\" content=\"es_ES\" \/>\n<meta property=\"og:type\" content=\"article\" \/>\n<meta property=\"og:title\" content=\"Experiencia - Agua Purificada R\u00edo Cristal Spa\" \/>\n<meta property=\"og:description\" content=\"R\u00edo Cristal es una empresa productora de agua purificada con 28 a\u00f1os de experiencia en el mercado, entregando un producto de calidad y un servicio eficiente de entrega.\" \/>\n<meta property=\"og:url\" content=\"https:\/\/riocristal.cl\/agua_purificada\/agua-experiencia-calidad-servicio-equipo-28-anos-de-experiencia\/\" \/>\n<meta property=\"og:site_name\" content=\"Agua Purificada R\u00edo Cristal Spa\" \/>\n<meta property=\"article:modified_time\" content=\"2025-07-07T20:01:51+00:00\" \/>\n<meta property=\"og:image\" content=\"https:\/\/riocristal.cl\/agua_purificada\/wp-content\/uploads\/2024\/11\/Captura-de-Pantalla-2024-11-14-a-las-10.52.14.png\" \/>\n<meta name=\"twitter:card\" content=\"summary_large_image\" \/>\n<meta name=\"twitter:label1\" content=\"Tiempo estimado de lectura\" \/>\n\t<meta name=\"twitter:data1\" content=\"1 minuto\" \/>\n<script type=\"application\/ld+json\" class=\"yoast-schema-graph\">{\"@context\":\"https:\\\/\\\/schema.org\",\"@graph\":[{\"@type\":\"WebPage\",\"@id\":\"https:\\\/\\\/riocristal.cl\\\/agua_purificada\\\/agua-experiencia-calidad-servicio-equipo-28-anos-de-experiencia\\\/\",\"url\":\"https:\\\/\\\/riocristal.cl\\\/agua_purificada\\\/agua-experiencia-calidad-servicio-equipo-28-anos-de-experiencia\\\/\",\"name\":\"Experiencia - Agua Purificada R\u00edo Cristal Spa\",\"isPartOf\":{\"@id\":\"https:\\\/\\\/riocristal.cl\\\/agua_purificada\\\/#website\"},\"primaryImageOfPage\":{\"@id\":\"https:\\\/\\\/riocristal.cl\\\/agua_purificada\\\/agua-experiencia-calidad-servicio-equipo-28-anos-de-experiencia\\\/#primaryimage\"},\"image\":{\"@id\":\"https:\\\/\\\/riocristal.cl\\\/agua_purificada\\\/agua-experiencia-calidad-servicio-equipo-28-anos-de-experiencia\\\/#primaryimage\"},\"thumbnailUrl\":\"https:\\\/\\\/riocristal.cl\\\/agua_purificada\\\/wp-content\\\/uploads\\\/2024\\\/11\\\/Captura-de-Pantalla-2024-11-14-a-las-10.52.14.png\",\"datePublished\":\"2023-01-31T17:32:32+00:00\",\"dateModified\":\"2025-07-07T20:01:51+00:00\",\"description\":\"R\u00edo Cristal es una empresa productora de agua purificada con 28 a\u00f1os de experiencia en el mercado, entregando un producto de calidad y un servicio eficiente de entrega.\",\"breadcrumb\":{\"@id\":\"https:\\\/\\\/riocristal.cl\\\/agua_purificada\\\/agua-experiencia-calidad-servicio-equipo-28-anos-de-experiencia\\\/#breadcrumb\"},\"inLanguage\":\"es-CL\",\"potentialAction\":[{\"@type\":\"ReadAction\",\"target\":[\"https:\\\/\\\/riocristal.cl\\\/agua_purificada\\\/agua-experiencia-calidad-servicio-equipo-28-anos-de-experiencia\\\/\"]}]},{\"@type\":\"ImageObject\",\"inLanguage\":\"es-CL\",\"@id\":\"https:\\\/\\\/riocristal.cl\\\/agua_purificada\\\/agua-experiencia-calidad-servicio-equipo-28-anos-de-experiencia\\\/#primaryimage\",\"url\":\"https:\\\/\\\/riocristal.cl\\\/agua_purificada\\\/wp-content\\\/uploads\\\/2024\\\/11\\\/Captura-de-Pantalla-2024-11-14-a-las-10.52.14.png\",\"contentUrl\":\"https:\\\/\\\/riocristal.cl\\\/agua_purificada\\\/wp-content\\\/uploads\\\/2024\\\/11\\\/Captura-de-Pantalla-2024-11-14-a-las-10.52.14.png\",\"width\":1431,\"height\":801},{\"@type\":\"BreadcrumbList\",\"@id\":\"https:\\\/\\\/riocristal.cl\\\/agua_purificada\\\/agua-experiencia-calidad-servicio-equipo-28-anos-de-experiencia\\\/#breadcrumb\",\"itemListElement\":[{\"@type\":\"ListItem\",\"position\":1,\"name\":\"Portada\",\"item\":\"https:\\\/\\\/riocristal.cl\\\/agua_purificada\\\/\"},{\"@type\":\"ListItem\",\"position\":2,\"name\":\"Experiencia\"}]},{\"@type\":\"WebSite\",\"@id\":\"https:\\\/\\\/riocristal.cl\\\/agua_purificada\\\/#website\",\"url\":\"https:\\\/\\\/riocristal.cl\\\/agua_purificada\\\/\",\"name\":\"Agua Purificada R\u00edo Cristal Spa\",\"description\":\"Siempre es tiempo de Agua\",\"publisher\":{\"@id\":\"https:\\\/\\\/riocristal.cl\\\/agua_purificada\\\/#organization\"},\"potentialAction\":[{\"@type\":\"SearchAction\",\"target\":{\"@type\":\"EntryPoint\",\"urlTemplate\":\"https:\\\/\\\/riocristal.cl\\\/agua_purificada\\\/?s={search_term_string}\"},\"query-input\":{\"@type\":\"PropertyValueSpecification\",\"valueRequired\":true,\"valueName\":\"search_term_string\"}}],\"inLanguage\":\"es-CL\"},{\"@type\":\"Organization\",\"@id\":\"https:\\\/\\\/riocristal.cl\\\/agua_purificada\\\/#organization\",\"name\":\"Agua Purificada R\u00edo Cristal Spa\",\"url\":\"https:\\\/\\\/riocristal.cl\\\/agua_purificada\\\/\",\"logo\":{\"@type\":\"ImageObject\",\"inLanguage\":\"es-CL\",\"@id\":\"https:\\\/\\\/riocristal.cl\\\/agua_purificada\\\/#\\\/schema\\\/logo\\\/image\\\/\",\"url\":\"https:\\\/\\\/riocristal.cl\\\/agua_purificada\\\/wp-content\\\/uploads\\\/2025\\\/07\\\/cropped-logo_header_rio_cristal_2025-1.png\",\"contentUrl\":\"https:\\\/\\\/riocristal.cl\\\/agua_purificada\\\/wp-content\\\/uploads\\\/2025\\\/07\\\/cropped-logo_header_rio_cristal_2025-1.png\",\"width\":300,\"height\":85,\"caption\":\"Agua Purificada R\u00edo Cristal Spa\"},\"image\":{\"@id\":\"https:\\\/\\\/riocristal.cl\\\/agua_purificada\\\/#\\\/schema\\\/logo\\\/image\\\/\"},\"sameAs\":[\"https:\\\/\\\/www.instagram.com\\\/aguariocristal\"]}]}<\/script>\n<!-- \/ Yoast SEO plugin. -->","yoast_head_json":{"title":"Experiencia - Agua Purificada R\u00edo Cristal Spa","description":"R\u00edo Cristal es una empresa productora de agua purificada con 28 a\u00f1os de experiencia en el mercado, entregando un producto de calidad y un servicio eficiente de entrega.","robots":{"index":"index","follow":"follow","max-snippet":"max-snippet:-1","max-image-preview":"max-image-preview:large","max-video-preview":"max-video-preview:-1"},"canonical":"https:\/\/riocristal.cl\/agua_purificada\/agua-experiencia-calidad-servicio-equipo-28-anos-de-experiencia\/","og_locale":"es_ES","og_type":"article","og_title":"Experiencia - Agua Purificada R\u00edo Cristal Spa","og_description":"R\u00edo Cristal es una empresa productora de agua purificada con 28 a\u00f1os de experiencia en el mercado, entregando un producto de calidad y un servicio eficiente de entrega.","og_url":"https:\/\/riocristal.cl\/agua_purificada\/agua-experiencia-calidad-servicio-equipo-28-anos-de-experiencia\/","og_site_name":"Agua Purificada R\u00edo Cristal Spa","article_modified_time":"2025-07-07T20:01:51+00:00","og_image":[{"url":"https:\/\/riocristal.cl\/agua_purificada\/wp-content\/uploads\/2024\/11\/Captura-de-Pantalla-2024-11-14-a-las-10.52.14.png","type":"","width":"","height":""}],"twitter_card":"summary_large_image","twitter_misc":{"Tiempo estimado de lectura":"1 minuto"},"schema":{"@context":"https:\/\/schema.org","@graph":[{"@type":"WebPage","@id":"https:\/\/riocristal.cl\/agua_purificada\/agua-experiencia-calidad-servicio-equipo-28-anos-de-experiencia\/","url":"https:\/\/riocristal.cl\/agua_purificada\/agua-experiencia-calidad-servicio-equipo-28-anos-de-experiencia\/","name":"Experiencia - Agua Purificada R\u00edo Cristal Spa","isPartOf":{"@id":"https:\/\/riocristal.cl\/agua_purificada\/#website"},"primaryImageOfPage":{"@id":"https:\/\/riocristal.cl\/agua_purificada\/agua-experiencia-calidad-servicio-equipo-28-anos-de-experiencia\/#primaryimage"},"image":{"@id":"https:\/\/riocristal.cl\/agua_purificada\/agua-experiencia-calidad-servicio-equipo-28-anos-de-experiencia\/#primaryimage"},"thumbnailUrl":"https:\/\/riocristal.cl\/agua_purificada\/wp-content\/uploads\/2024\/11\/Captura-de-Pantalla-2024-11-14-a-las-10.52.14.png","datePublished":"2023-01-31T17:32:32+00:00","dateModified":"2025-07-07T20:01:51+00:00","description":"R\u00edo Cristal es una empresa productora de agua purificada con 28 a\u00f1os de experiencia en el mercado, entregando un producto de calidad y un servicio eficiente de entrega.","breadcrumb":{"@id":"https:\/\/riocristal.cl\/agua_purificada\/agua-experiencia-calidad-servicio-equipo-28-anos-de-experiencia\/#breadcrumb"},"inLanguage":"es-CL","potentialAction":[{"@type":"ReadAction","target":["https:\/\/riocristal.cl\/agua_purificada\/agua-experiencia-calidad-servicio-equipo-28-anos-de-experiencia\/"]}]},{"@type":"ImageObject","inLanguage":"es-CL","@id":"https:\/\/riocristal.cl\/agua_purificada\/agua-experiencia-calidad-servicio-equipo-28-anos-de-experiencia\/#primaryimage","url":"https:\/\/riocristal.cl\/agua_purificada\/wp-content\/uploads\/2024\/11\/Captura-de-Pantalla-2024-11-14-a-las-10.52.14.png","contentUrl":"https:\/\/riocristal.cl\/agua_purificada\/wp-content\/uploads\/2024\/11\/Captura-de-Pantalla-2024-11-14-a-las-10.52.14.png","width":1431,"height":801},{"@type":"BreadcrumbList","@id":"https:\/\/riocristal.cl\/agua_purificada\/agua-experiencia-calidad-servicio-equipo-28-anos-de-experiencia\/#breadcrumb","itemListElement":[{"@type":"ListItem","position":1,"name":"Portada","item":"https:\/\/riocristal.cl\/agua_purificada\/"},{"@type":"ListItem","position":2,"name":"Experiencia"}]},{"@type":"WebSite","@id":"https:\/\/riocristal.cl\/agua_purificada\/#website","url":"https:\/\/riocristal.cl\/agua_purificada\/","name":"Agua Purificada R\u00edo Cristal Spa","description":"Siempre es tiempo de Agua","publisher":{"@id":"https:\/\/riocristal.cl\/agua_purificada\/#organization"},"potentialAction":[{"@type":"SearchAction","target":{"@type":"EntryPoint","urlTemplate":"https:\/\/riocristal.cl\/agua_purificada\/?s={search_term_string}"},"query-input":{"@type":"PropertyValueSpecification","valueRequired":true,"valueName":"search_term_string"}}],"inLanguage":"es-CL"},{"@type":"Organization","@id":"https:\/\/riocristal.cl\/agua_purificada\/#organization","name":"Agua Purificada R\u00edo Cristal Spa","url":"https:\/\/riocristal.cl\/agua_purificada\/","logo":{"@type":"ImageObject","inLanguage":"es-CL","@id":"https:\/\/riocristal.cl\/agua_purificada\/#\/schema\/logo\/image\/","url":"https:\/\/riocristal.cl\/agua_purificada\/wp-content\/uploads\/2025\/07\/cropped-logo_header_rio_cristal_2025-1.png","contentUrl":"https:\/\/riocristal.cl\/agua_purificada\/wp-content\/uploads\/2025\/07\/cropped-logo_header_rio_cristal_2025-1.png","width":300,"height":85,"caption":"Agua Purificada R\u00edo Cristal Spa"},"image":{"@id":"https:\/\/riocristal.cl\/agua_purificada\/#\/schema\/logo\/image\/"},"sameAs":["https:\/\/www.instagram.com\/aguariocristal"]}]}},"_links":{"self":[{"href":"https:\/\/riocristal.cl\/agua_purificada\/wp-json\/wp\/v2\/pages\/62","targetHints":{"allow":["GET"]}}],"collection":[{"href":"https:\/\/riocristal.cl\/agua_purificada\/wp-json\/wp\/v2\/pages"}],"about":[{"href":"https:\/\/riocristal.cl\/agua_purificada\/wp-json\/wp\/v2\/types\/page"}],"author":[{"embeddable":true,"href":"https:\/\/riocristal.cl\/agua_purificada\/wp-json\/wp\/v2\/users\/1"}],"replies":[{"embeddable":true,"href":"https:\/\/riocristal.cl\/agua_purificada\/wp-json\/wp\/v2\/comments?post=62"}],"version-history":[{"count":208,"href":"https:\/\/riocristal.cl\/agua_purificada\/wp-json\/wp\/v2\/pages\/62\/revisions"}],"predecessor-version":[{"id":2876,"href":"https:\/\/riocristal.cl\/agua_purificada\/wp-json\/wp\/v2\/pages\/62\/revisions\/2876"}],"wp:attachment":[{"href":"https:\/\/riocristal.cl\/agua_purificada\/wp-json\/wp\/v2\/media?parent=62"}],"curies":[{"name":"wp","href":"https:\/\/api.w.org\/{rel}","templated":true}]}}