{"id":66,"date":"2023-01-31T17:32:52","date_gmt":"2023-01-31T17:32:52","guid":{"rendered":"https:\/\/riocristal.cl\/agua_purificada\/?page_id=66"},"modified":"2026-05-13T16:30:33","modified_gmt":"2026-05-13T16:30:33","slug":"certificacion","status":"publish","type":"page","link":"https:\/\/riocristal.cl\/agua_purificada\/certificacion\/","title":{"rendered":"Certificaci\u00f3n"},"content":{"rendered":"\t\t<div data-elementor-type=\"wp-page\" data-elementor-id=\"66\" class=\"elementor elementor-66\">\n\t\t\t\t\t\t<section class=\"elementor-section elementor-top-section elementor-element elementor-element-c4b80ba elementor-section-full_width elementor-section-stretched elementor-section-height-default elementor-section-height-default wpr-particle-no wpr-jarallax-no wpr-parallax-no wpr-sticky-section-no wpr-column-slider-no wpr-equal-height-no\" data-id=\"c4b80ba\" data-element_type=\"section\" data-e-type=\"section\" data-settings=\"{&quot;stretch_section&quot;:&quot;section-stretched&quot;}\">\n\t\t\t\t\t\t<div class=\"elementor-container elementor-column-gap-default\">\n\t\t\t\t\t<div class=\"aux-parallax-section elementor-column elementor-col-100 elementor-top-column elementor-element elementor-element-1ab7150\" data-id=\"1ab7150\" data-element_type=\"column\" data-e-type=\"column\">\n\t\t\t<div class=\"elementor-widget-wrap elementor-element-populated\">\n\t\t\t\t\t\t<div class=\"elementor-element elementor-element-6d7c416 elementor-arrows-position-outside elementor-pagination-position-inside elementor-hidden-mobile elementor-invisible elementor-widget elementor-widget-image-carousel\" data-id=\"6d7c416\" data-element_type=\"widget\" data-e-type=\"widget\" data-settings=\"{&quot;slides_to_show&quot;:&quot;5&quot;,&quot;lazyload&quot;:&quot;yes&quot;,&quot;autoplay_speed&quot;:250,&quot;speed&quot;:1500,&quot;_animation&quot;:&quot;fadeIn&quot;,&quot;navigation&quot;:&quot;both&quot;,&quot;autoplay&quot;:&quot;yes&quot;,&quot;pause_on_hover&quot;:&quot;yes&quot;,&quot;pause_on_interaction&quot;:&quot;yes&quot;,&quot;infinite&quot;:&quot;yes&quot;}\" data-widget_type=\"image-carousel.default\">\n\t\t\t\t<div class=\"elementor-widget-container\">\n\t\t\t\t\t\t\t<div class=\"elementor-image-carousel-wrapper swiper\" role=\"region\" aria-roledescription=\"carousel\" aria-label=\"Carrusel de im\u00e1genes\" dir=\"ltr\">\n\t\t\t<div class=\"elementor-image-carousel swiper-wrapper\" aria-live=\"off\">\n\t\t\t\t\t\t\t\t<div class=\"swiper-slide\" role=\"group\" aria-roledescription=\"slide\" aria-label=\"1 de 5\"><figure class=\"swiper-slide-inner\"><img class=\"swiper-slide-image swiper-lazy\" data-src=\"https:\/\/riocristal.cl\/agua_purificada\/wp-content\/uploads\/2023\/08\/Captura-de-Pantalla-2023-08-29-a-las-16.26.51.png\" alt=\"Captura de Pantalla 2023-08-29 a la(s) 16.26.51\" \/><div class=\"swiper-lazy-preloader\"><\/div><\/figure><\/div><div class=\"swiper-slide\" role=\"group\" aria-roledescription=\"slide\" aria-label=\"2 de 5\"><figure class=\"swiper-slide-inner\"><img class=\"swiper-slide-image swiper-lazy\" data-src=\"https:\/\/riocristal.cl\/agua_purificada\/wp-content\/uploads\/2023\/08\/Captura-de-Pantalla-2023-08-29-a-las-16.26.56.png\" alt=\"Captura de Pantalla 2023-08-29 a la(s) 16.26.56\" \/><div class=\"swiper-lazy-preloader\"><\/div><\/figure><\/div><div class=\"swiper-slide\" role=\"group\" aria-roledescription=\"slide\" aria-label=\"3 de 5\"><figure class=\"swiper-slide-inner\"><img class=\"swiper-slide-image swiper-lazy\" data-src=\"https:\/\/riocristal.cl\/agua_purificada\/wp-content\/uploads\/2023\/08\/Captura-de-Pantalla-2023-08-29-a-las-16.27.07.png\" alt=\"Captura de Pantalla 2023-08-29 a la(s) 16.27.07\" \/><div class=\"swiper-lazy-preloader\"><\/div><\/figure><\/div><div class=\"swiper-slide\" role=\"group\" aria-roledescription=\"slide\" aria-label=\"4 de 5\"><figure class=\"swiper-slide-inner\"><img class=\"swiper-slide-image swiper-lazy\" data-src=\"https:\/\/riocristal.cl\/agua_purificada\/wp-content\/uploads\/2023\/08\/Captura-de-Pantalla-2023-08-29-a-las-16.27.22.png\" alt=\"Captura de Pantalla 2023-08-29 a la(s) 16.27.22\" \/><div class=\"swiper-lazy-preloader\"><\/div><\/figure><\/div><div class=\"swiper-slide\" role=\"group\" aria-roledescription=\"slide\" aria-label=\"5 de 5\"><figure class=\"swiper-slide-inner\"><img class=\"swiper-slide-image swiper-lazy\" data-src=\"https:\/\/riocristal.cl\/agua_purificada\/wp-content\/uploads\/2023\/08\/Captura-de-Pantalla-2023-08-29-a-las-16.27.32.png\" alt=\"Captura de Pantalla 2023-08-29 a la(s) 16.27.32\" \/><div class=\"swiper-lazy-preloader\"><\/div><\/figure><\/div>\t\t\t<\/div>\n\t\t\t\t\t\t\t\t\t\t\t\t<div class=\"elementor-swiper-button elementor-swiper-button-prev\" role=\"button\" tabindex=\"0\">\n\t\t\t\t\t\t<i aria-hidden=\"true\" class=\"eicon-chevron-left\"><\/i>\t\t\t\t\t<\/div>\n\t\t\t\t\t<div class=\"elementor-swiper-button elementor-swiper-button-next\" role=\"button\" tabindex=\"0\">\n\t\t\t\t\t\t<i aria-hidden=\"true\" class=\"eicon-chevron-right\"><\/i>\t\t\t\t\t<\/div>\n\t\t\t\t\n\t\t\t\t\t\t\t\t\t<div class=\"swiper-pagination\"><\/div>\n\t\t\t\t\t\t\t\t\t<\/div>\n\t\t\t\t\t\t<\/div>\n\t\t\t\t<\/div>\n\t\t\t\t\t<\/div>\n\t\t<\/div>\n\t\t\t\t\t<\/div>\n\t\t<\/section>\n\t\t\t\t<section class=\"elementor-section elementor-top-section elementor-element elementor-element-27c620b elementor-hidden-mobile elementor-section-stretched elementor-section-boxed elementor-section-height-default elementor-section-height-default wpr-particle-no wpr-jarallax-no wpr-parallax-no wpr-sticky-section-no wpr-column-slider-no wpr-equal-height-no\" data-id=\"27c620b\" data-element_type=\"section\" data-e-type=\"section\" data-settings=\"{&quot;background_background&quot;:&quot;classic&quot;,&quot;stretch_section&quot;:&quot;section-stretched&quot;}\">\n\t\t\t\t\t\t\t<div class=\"elementor-background-overlay\"><\/div>\n\t\t\t\t\t\t\t<div class=\"elementor-container elementor-column-gap-default\">\n\t\t\t\t\t<div class=\"aux-parallax-section elementor-column elementor-col-100 elementor-top-column elementor-element elementor-element-ce82780\" data-id=\"ce82780\" data-element_type=\"column\" data-e-type=\"column\" data-settings=\"{&quot;background_background&quot;:&quot;classic&quot;}\">\n\t\t\t<div class=\"elementor-widget-wrap elementor-element-populated\">\n\t\t\t\t\t\t<section class=\"elementor-section elementor-inner-section elementor-element elementor-element-c6908a5 elementor-section-boxed elementor-section-height-default elementor-section-height-default wpr-particle-no wpr-jarallax-no wpr-parallax-no wpr-sticky-section-no wpr-column-slider-no wpr-equal-height-no\" data-id=\"c6908a5\" data-element_type=\"section\" data-e-type=\"section\">\n\t\t\t\t\t\t<div class=\"elementor-container elementor-column-gap-default\">\n\t\t\t\t\t<div class=\"aux-parallax-section elementor-column elementor-col-20 elementor-inner-column elementor-element elementor-element-4298aca\" data-id=\"4298aca\" data-element_type=\"column\" data-e-type=\"column\">\n\t\t\t<div class=\"elementor-widget-wrap elementor-element-populated\">\n\t\t\t\t\t\t<div class=\"elementor-element elementor-element-e4ea960 elementor-widget elementor-widget-spacer\" data-id=\"e4ea960\" data-element_type=\"widget\" data-e-type=\"widget\" data-widget_type=\"spacer.default\">\n\t\t\t\t<div class=\"elementor-widget-container\">\n\t\t\t\t\t\t\t<div class=\"elementor-spacer\">\n\t\t\t<div class=\"elementor-spacer-inner\"><\/div>\n\t\t<\/div>\n\t\t\t\t\t\t<\/div>\n\t\t\t\t<\/div>\n\t\t\t\t<div class=\"elementor-element elementor-element-98035e7 elementor-invisible elementor-widget elementor-widget-image\" data-id=\"98035e7\" data-element_type=\"widget\" data-e-type=\"widget\" data-settings=\"{&quot;_animation&quot;:&quot;slideInRight&quot;}\" data-widget_type=\"image.default\">\n\t\t\t\t<div class=\"elementor-widget-container\">\n\t\t\t\t\t\t\t\t\t\t\t\t\t\t\t<img fetchpriority=\"high\" decoding=\"async\" width=\"685\" height=\"1720\" src=\"https:\/\/riocristal.cl\/agua_purificada\/wp-content\/uploads\/2026\/04\/botellas_bbdos_alta_sin_gas_etiqueta_1.png\" class=\"attachment-2048x2048 size-2048x2048 wp-image-3689\" alt=\"\" srcset=\"https:\/\/riocristal.cl\/agua_purificada\/wp-content\/uploads\/2026\/04\/botellas_bbdos_alta_sin_gas_etiqueta_1.png 685w, https:\/\/riocristal.cl\/agua_purificada\/wp-content\/uploads\/2026\/04\/botellas_bbdos_alta_sin_gas_etiqueta_1-612x1536.png 612w\" sizes=\"(max-width: 685px) 100vw, 685px\" \/>\t\t\t\t\t\t\t\t\t\t\t\t\t\t\t<\/div>\n\t\t\t\t<\/div>\n\t\t\t\t\t<\/div>\n\t\t<\/div>\n\t\t\t\t<div class=\"aux-parallax-section elementor-column elementor-col-20 elementor-inner-column elementor-element elementor-element-9eeb9a2\" data-id=\"9eeb9a2\" data-element_type=\"column\" data-e-type=\"column\">\n\t\t\t<div class=\"elementor-widget-wrap elementor-element-populated\">\n\t\t\t\t\t\t<div class=\"elementor-element elementor-element-6c3b6bc elementor-widget elementor-widget-spacer\" data-id=\"6c3b6bc\" data-element_type=\"widget\" data-e-type=\"widget\" data-widget_type=\"spacer.default\">\n\t\t\t\t<div class=\"elementor-widget-container\">\n\t\t\t\t\t\t\t<div class=\"elementor-spacer\">\n\t\t\t<div class=\"elementor-spacer-inner\"><\/div>\n\t\t<\/div>\n\t\t\t\t\t\t<\/div>\n\t\t\t\t<\/div>\n\t\t\t\t<div class=\"elementor-element elementor-element-344920c elementor-invisible elementor-widget elementor-widget-image\" data-id=\"344920c\" data-element_type=\"widget\" data-e-type=\"widget\" data-settings=\"{&quot;_animation&quot;:&quot;slideInRight&quot;}\" data-widget_type=\"image.default\">\n\t\t\t\t<div class=\"elementor-widget-container\">\n\t\t\t\t\t\t\t\t\t\t\t\t\t\t\t<img decoding=\"async\" width=\"685\" height=\"1720\" src=\"https:\/\/riocristal.cl\/agua_purificada\/wp-content\/uploads\/2026\/04\/botellas_bbdos_alta_con_gas_etiqueta_1.png\" class=\"attachment-2048x2048 size-2048x2048 wp-image-3685\" alt=\"\" srcset=\"https:\/\/riocristal.cl\/agua_purificada\/wp-content\/uploads\/2026\/04\/botellas_bbdos_alta_con_gas_etiqueta_1.png 685w, https:\/\/riocristal.cl\/agua_purificada\/wp-content\/uploads\/2026\/04\/botellas_bbdos_alta_con_gas_etiqueta_1-612x1536.png 612w\" sizes=\"(max-width: 685px) 100vw, 685px\" \/>\t\t\t\t\t\t\t\t\t\t\t\t\t\t\t<\/div>\n\t\t\t\t<\/div>\n\t\t\t\t\t<\/div>\n\t\t<\/div>\n\t\t\t\t<div class=\"aux-parallax-section elementor-column elementor-col-20 elementor-inner-column elementor-element elementor-element-03a5bc8\" data-id=\"03a5bc8\" data-element_type=\"column\" data-e-type=\"column\">\n\t\t\t<div class=\"elementor-widget-wrap elementor-element-populated\">\n\t\t\t\t\t\t<div class=\"elementor-element elementor-element-a053b42 elementor-widget elementor-widget-spacer\" data-id=\"a053b42\" data-element_type=\"widget\" data-e-type=\"widget\" data-widget_type=\"spacer.default\">\n\t\t\t\t<div class=\"elementor-widget-container\">\n\t\t\t\t\t\t\t<div class=\"elementor-spacer\">\n\t\t\t<div class=\"elementor-spacer-inner\"><\/div>\n\t\t<\/div>\n\t\t\t\t\t\t<\/div>\n\t\t\t\t<\/div>\n\t\t\t\t<div class=\"elementor-element elementor-element-728631f elementor-invisible elementor-widget elementor-widget-image\" data-id=\"728631f\" data-element_type=\"widget\" data-e-type=\"widget\" data-settings=\"{&quot;_animation&quot;:&quot;slideInRight&quot;}\" data-widget_type=\"image.default\">\n\t\t\t\t<div class=\"elementor-widget-container\">\n\t\t\t\t\t\t\t\t\t\t\t\t\t\t\t<img decoding=\"async\" width=\"685\" height=\"1720\" src=\"https:\/\/riocristal.cl\/agua_purificada\/wp-content\/uploads\/2026\/04\/botellas_bbdos_alta_pepino_etiqueta_1.png\" class=\"attachment-2048x2048 size-2048x2048 wp-image-3688\" alt=\"\" srcset=\"https:\/\/riocristal.cl\/agua_purificada\/wp-content\/uploads\/2026\/04\/botellas_bbdos_alta_pepino_etiqueta_1.png 685w, https:\/\/riocristal.cl\/agua_purificada\/wp-content\/uploads\/2026\/04\/botellas_bbdos_alta_pepino_etiqueta_1-612x1536.png 612w\" sizes=\"(max-width: 685px) 100vw, 685px\" \/>\t\t\t\t\t\t\t\t\t\t\t\t\t\t\t<\/div>\n\t\t\t\t<\/div>\n\t\t\t\t\t<\/div>\n\t\t<\/div>\n\t\t\t\t<div class=\"aux-parallax-section elementor-column elementor-col-20 elementor-inner-column elementor-element elementor-element-a85597a\" data-id=\"a85597a\" data-element_type=\"column\" data-e-type=\"column\">\n\t\t\t<div class=\"elementor-widget-wrap elementor-element-populated\">\n\t\t\t\t\t\t<div class=\"elementor-element elementor-element-1512c04 elementor-widget elementor-widget-spacer\" data-id=\"1512c04\" data-element_type=\"widget\" data-e-type=\"widget\" data-widget_type=\"spacer.default\">\n\t\t\t\t<div class=\"elementor-widget-container\">\n\t\t\t\t\t\t\t<div class=\"elementor-spacer\">\n\t\t\t<div class=\"elementor-spacer-inner\"><\/div>\n\t\t<\/div>\n\t\t\t\t\t\t<\/div>\n\t\t\t\t<\/div>\n\t\t\t\t<div class=\"elementor-element elementor-element-b138b01 elementor-invisible elementor-widget elementor-widget-heading\" data-id=\"b138b01\" data-element_type=\"widget\" data-e-type=\"widget\" data-settings=\"{&quot;_animation&quot;:&quot;fadeInLeft&quot;}\" data-widget_type=\"heading.default\">\n\t\t\t\t<div class=\"elementor-widget-container\">\n\t\t\t\t\t<h2 class=\"elementor-heading-title elementor-size-default\">Certificaci\u00f3n y auditor\u00edas<\/h2>\t\t\t\t<\/div>\n\t\t\t\t<\/div>\n\t\t\t\t<div class=\"elementor-element elementor-element-d33d318 elementor-invisible elementor-widget elementor-widget-image\" data-id=\"d33d318\" data-element_type=\"widget\" data-e-type=\"widget\" data-settings=\"{&quot;_animation&quot;:&quot;fadeInRight&quot;}\" data-widget_type=\"image.default\">\n\t\t\t\t<div class=\"elementor-widget-container\">\n\t\t\t\t\t\t\t\t\t\t\t\t\t\t\t<img loading=\"lazy\" decoding=\"async\" width=\"245\" height=\"53\" src=\"https:\/\/riocristal.cl\/agua_purificada\/wp-content\/uploads\/2023\/08\/medallas_Mesa-de-trabajo-1.png\" class=\"attachment-large size-large wp-image-1572\" alt=\"\" \/>\t\t\t\t\t\t\t\t\t\t\t\t\t\t\t<\/div>\n\t\t\t\t<\/div>\n\t\t\t\t<div class=\"elementor-element elementor-element-f98fba8 elementor-invisible elementor-widget elementor-widget-image\" data-id=\"f98fba8\" data-element_type=\"widget\" data-e-type=\"widget\" data-settings=\"{&quot;_animation&quot;:&quot;zoomIn&quot;}\" data-widget_type=\"image.default\">\n\t\t\t\t<div class=\"elementor-widget-container\">\n\t\t\t\t\t\t\t\t\t\t\t\t\t\t\t<img loading=\"lazy\" decoding=\"async\" width=\"276\" height=\"53\" src=\"https:\/\/riocristal.cl\/agua_purificada\/wp-content\/uploads\/2023\/07\/logo_rio_cristal_bbdos.png\" class=\"attachment-large size-large wp-image-536\" alt=\"\" \/>\t\t\t\t\t\t\t\t\t\t\t\t\t\t\t<\/div>\n\t\t\t\t<\/div>\n\t\t\t\t\t<\/div>\n\t\t<\/div>\n\t\t\t\t<div class=\"aux-parallax-section elementor-column elementor-col-20 elementor-inner-column elementor-element elementor-element-78443c1\" data-id=\"78443c1\" data-element_type=\"column\" data-e-type=\"column\">\n\t\t\t<div class=\"elementor-widget-wrap elementor-element-populated\">\n\t\t\t\t\t\t<div class=\"elementor-element elementor-element-e13358c elementor-widget elementor-widget-spacer\" data-id=\"e13358c\" data-element_type=\"widget\" data-e-type=\"widget\" data-widget_type=\"spacer.default\">\n\t\t\t\t<div class=\"elementor-widget-container\">\n\t\t\t\t\t\t\t<div class=\"elementor-spacer\">\n\t\t\t<div class=\"elementor-spacer-inner\"><\/div>\n\t\t<\/div>\n\t\t\t\t\t\t<\/div>\n\t\t\t\t<\/div>\n\t\t\t\t<div class=\"elementor-element elementor-element-ef493ce elementor-widget elementor-widget-spacer\" data-id=\"ef493ce\" data-element_type=\"widget\" data-e-type=\"widget\" data-widget_type=\"spacer.default\">\n\t\t\t\t<div class=\"elementor-widget-container\">\n\t\t\t\t\t\t\t<div class=\"elementor-spacer\">\n\t\t\t<div class=\"elementor-spacer-inner\"><\/div>\n\t\t<\/div>\n\t\t\t\t\t\t<\/div>\n\t\t\t\t<\/div>\n\t\t\t\t<div class=\"elementor-element elementor-element-3446c47 elementor-widget elementor-widget-spacer\" data-id=\"3446c47\" data-element_type=\"widget\" data-e-type=\"widget\" data-widget_type=\"spacer.default\">\n\t\t\t\t<div class=\"elementor-widget-container\">\n\t\t\t\t\t\t\t<div class=\"elementor-spacer\">\n\t\t\t<div class=\"elementor-spacer-inner\"><\/div>\n\t\t<\/div>\n\t\t\t\t\t\t<\/div>\n\t\t\t\t<\/div>\n\t\t\t\t\t<\/div>\n\t\t<\/div>\n\t\t\t\t\t<\/div>\n\t\t<\/section>\n\t\t\t\t<div class=\"elementor-element elementor-element-bc563ac elementor-invisible elementor-widget elementor-widget-image\" data-id=\"bc563ac\" data-element_type=\"widget\" data-e-type=\"widget\" data-settings=\"{&quot;_animation&quot;:&quot;zoomIn&quot;}\" data-widget_type=\"image.default\">\n\t\t\t\t<div class=\"elementor-widget-container\">\n\t\t\t\t\t\t\t\t\t\t\t\t\t\t\t<img loading=\"lazy\" decoding=\"async\" width=\"1024\" height=\"9\" src=\"https:\/\/riocristal.cl\/agua_purificada\/wp-content\/uploads\/2023\/08\/franjas_rio-11-1024x9.png\" class=\"attachment-large size-large wp-image-782\" alt=\"\" \/>\t\t\t\t\t\t\t\t\t\t\t\t\t\t\t<\/div>\n\t\t\t\t<\/div>\n\t\t\t\t\t<\/div>\n\t\t<\/div>\n\t\t\t\t\t<\/div>\n\t\t<\/section>\n\t\t\t\t<\/div>\n\t\t","protected":false},"excerpt":{"rendered":"<p>Certificaci\u00f3n y auditor\u00edas<\/p>\n","protected":false},"author":1,"featured_media":0,"parent":0,"menu_order":0,"comment_status":"closed","ping_status":"closed","template":"","meta":{"footnotes":""},"class_list":["post-66","page","type-page","status-publish","hentry"],"yoast_head":"<!-- This site is optimized with the Yoast SEO plugin v27.6 - https:\/\/yoast.com\/product\/yoast-seo-wordpress\/ -->\n<title>Certificaci\u00f3n - Agua Purificada R\u00edo Cristal<\/title>\n<meta name=\"robots\" content=\"index, follow, max-snippet:-1, max-image-preview:large, max-video-preview:-1\" \/>\n<link rel=\"canonical\" href=\"https:\/\/riocristal.cl\/agua_purificada\/certificacion\/\" \/>\n<meta property=\"og:locale\" content=\"es_ES\" \/>\n<meta property=\"og:type\" content=\"article\" \/>\n<meta property=\"og:title\" content=\"Certificaci\u00f3n - Agua Purificada R\u00edo Cristal\" \/>\n<meta property=\"og:description\" content=\"Certificaci\u00f3n y auditor\u00edas\" \/>\n<meta property=\"og:url\" content=\"https:\/\/riocristal.cl\/agua_purificada\/certificacion\/\" \/>\n<meta property=\"og:site_name\" content=\"Agua Purificada R\u00edo Cristal\" \/>\n<meta property=\"article:modified_time\" content=\"2026-05-13T16:30:33+00:00\" \/>\n<meta property=\"og:image\" content=\"https:\/\/riocristal.cl\/agua_purificada\/wp-content\/uploads\/2023\/08\/Captura-de-Pantalla-2023-08-29-a-las-16.26.51.png\" \/>\n<meta name=\"twitter:card\" content=\"summary_large_image\" \/>\n<meta name=\"twitter:label1\" content=\"Tiempo estimado de lectura\" \/>\n\t<meta name=\"twitter:data1\" content=\"5 minutos\" \/>\n<script type=\"application\/ld+json\" class=\"yoast-schema-graph\">{\"@context\":\"https:\\\/\\\/schema.org\",\"@graph\":[{\"@type\":\"WebPage\",\"@id\":\"https:\\\/\\\/riocristal.cl\\\/agua_purificada\\\/certificacion\\\/\",\"url\":\"https:\\\/\\\/riocristal.cl\\\/agua_purificada\\\/certificacion\\\/\",\"name\":\"Certificaci\u00f3n - Agua Purificada R\u00edo Cristal\",\"isPartOf\":{\"@id\":\"https:\\\/\\\/riocristal.cl\\\/agua_purificada\\\/#website\"},\"primaryImageOfPage\":{\"@id\":\"https:\\\/\\\/riocristal.cl\\\/agua_purificada\\\/certificacion\\\/#primaryimage\"},\"image\":{\"@id\":\"https:\\\/\\\/riocristal.cl\\\/agua_purificada\\\/certificacion\\\/#primaryimage\"},\"thumbnailUrl\":\"https:\\\/\\\/riocristal.cl\\\/agua_purificada\\\/wp-content\\\/uploads\\\/2023\\\/08\\\/Captura-de-Pantalla-2023-08-29-a-las-16.26.51.png\",\"datePublished\":\"2023-01-31T17:32:52+00:00\",\"dateModified\":\"2026-05-13T16:30:33+00:00\",\"breadcrumb\":{\"@id\":\"https:\\\/\\\/riocristal.cl\\\/agua_purificada\\\/certificacion\\\/#breadcrumb\"},\"inLanguage\":\"es-CL\",\"potentialAction\":[{\"@type\":\"ReadAction\",\"target\":[\"https:\\\/\\\/riocristal.cl\\\/agua_purificada\\\/certificacion\\\/\"]}]},{\"@type\":\"ImageObject\",\"inLanguage\":\"es-CL\",\"@id\":\"https:\\\/\\\/riocristal.cl\\\/agua_purificada\\\/certificacion\\\/#primaryimage\",\"url\":\"https:\\\/\\\/riocristal.cl\\\/agua_purificada\\\/wp-content\\\/uploads\\\/2023\\\/08\\\/Captura-de-Pantalla-2023-08-29-a-las-16.26.51.png\",\"contentUrl\":\"https:\\\/\\\/riocristal.cl\\\/agua_purificada\\\/wp-content\\\/uploads\\\/2023\\\/08\\\/Captura-de-Pantalla-2023-08-29-a-las-16.26.51.png\",\"width\":181,\"height\":99},{\"@type\":\"BreadcrumbList\",\"@id\":\"https:\\\/\\\/riocristal.cl\\\/agua_purificada\\\/certificacion\\\/#breadcrumb\",\"itemListElement\":[{\"@type\":\"ListItem\",\"position\":1,\"name\":\"Portada\",\"item\":\"https:\\\/\\\/riocristal.cl\\\/agua_purificada\\\/\"},{\"@type\":\"ListItem\",\"position\":2,\"name\":\"Certificaci\u00f3n\"}]},{\"@type\":\"WebSite\",\"@id\":\"https:\\\/\\\/riocristal.cl\\\/agua_purificada\\\/#website\",\"url\":\"https:\\\/\\\/riocristal.cl\\\/agua_purificada\\\/\",\"name\":\"Agua Purificada R\u00edo Cristal Spa\",\"description\":\"Siempre es tiempo de Agua\",\"publisher\":{\"@id\":\"https:\\\/\\\/riocristal.cl\\\/agua_purificada\\\/#organization\"},\"potentialAction\":[{\"@type\":\"SearchAction\",\"target\":{\"@type\":\"EntryPoint\",\"urlTemplate\":\"https:\\\/\\\/riocristal.cl\\\/agua_purificada\\\/?s={search_term_string}\"},\"query-input\":{\"@type\":\"PropertyValueSpecification\",\"valueRequired\":true,\"valueName\":\"search_term_string\"}}],\"inLanguage\":\"es-CL\"},{\"@type\":\"Organization\",\"@id\":\"https:\\\/\\\/riocristal.cl\\\/agua_purificada\\\/#organization\",\"name\":\"Agua Purificada R\u00edo Cristal Spa\",\"url\":\"https:\\\/\\\/riocristal.cl\\\/agua_purificada\\\/\",\"logo\":{\"@type\":\"ImageObject\",\"inLanguage\":\"es-CL\",\"@id\":\"https:\\\/\\\/riocristal.cl\\\/agua_purificada\\\/#\\\/schema\\\/logo\\\/image\\\/\",\"url\":\"https:\\\/\\\/riocristal.cl\\\/agua_purificada\\\/wp-content\\\/uploads\\\/2026\\\/02\\\/logo_BBdos_full_color_alta_pantallas.svg\",\"contentUrl\":\"https:\\\/\\\/riocristal.cl\\\/agua_purificada\\\/wp-content\\\/uploads\\\/2026\\\/02\\\/logo_BBdos_full_color_alta_pantallas.svg\",\"caption\":\"Agua Purificada R\u00edo Cristal Spa\"},\"image\":{\"@id\":\"https:\\\/\\\/riocristal.cl\\\/agua_purificada\\\/#\\\/schema\\\/logo\\\/image\\\/\"},\"sameAs\":[\"https:\\\/\\\/www.instagram.com\\\/aguariocristal\"]}]}<\/script>\n<!-- \/ Yoast SEO plugin. -->","yoast_head_json":{"title":"Certificaci\u00f3n - Agua Purificada R\u00edo Cristal","robots":{"index":"index","follow":"follow","max-snippet":"max-snippet:-1","max-image-preview":"max-image-preview:large","max-video-preview":"max-video-preview:-1"},"canonical":"https:\/\/riocristal.cl\/agua_purificada\/certificacion\/","og_locale":"es_ES","og_type":"article","og_title":"Certificaci\u00f3n - Agua Purificada R\u00edo Cristal","og_description":"Certificaci\u00f3n y auditor\u00edas","og_url":"https:\/\/riocristal.cl\/agua_purificada\/certificacion\/","og_site_name":"Agua Purificada R\u00edo Cristal","article_modified_time":"2026-05-13T16:30:33+00:00","og_image":[{"url":"https:\/\/riocristal.cl\/agua_purificada\/wp-content\/uploads\/2023\/08\/Captura-de-Pantalla-2023-08-29-a-las-16.26.51.png","type":"","width":"","height":""}],"twitter_card":"summary_large_image","twitter_misc":{"Tiempo estimado de lectura":"5 minutos"},"schema":{"@context":"https:\/\/schema.org","@graph":[{"@type":"WebPage","@id":"https:\/\/riocristal.cl\/agua_purificada\/certificacion\/","url":"https:\/\/riocristal.cl\/agua_purificada\/certificacion\/","name":"Certificaci\u00f3n - Agua Purificada R\u00edo Cristal","isPartOf":{"@id":"https:\/\/riocristal.cl\/agua_purificada\/#website"},"primaryImageOfPage":{"@id":"https:\/\/riocristal.cl\/agua_purificada\/certificacion\/#primaryimage"},"image":{"@id":"https:\/\/riocristal.cl\/agua_purificada\/certificacion\/#primaryimage"},"thumbnailUrl":"https:\/\/riocristal.cl\/agua_purificada\/wp-content\/uploads\/2023\/08\/Captura-de-Pantalla-2023-08-29-a-las-16.26.51.png","datePublished":"2023-01-31T17:32:52+00:00","dateModified":"2026-05-13T16:30:33+00:00","breadcrumb":{"@id":"https:\/\/riocristal.cl\/agua_purificada\/certificacion\/#breadcrumb"},"inLanguage":"es-CL","potentialAction":[{"@type":"ReadAction","target":["https:\/\/riocristal.cl\/agua_purificada\/certificacion\/"]}]},{"@type":"ImageObject","inLanguage":"es-CL","@id":"https:\/\/riocristal.cl\/agua_purificada\/certificacion\/#primaryimage","url":"https:\/\/riocristal.cl\/agua_purificada\/wp-content\/uploads\/2023\/08\/Captura-de-Pantalla-2023-08-29-a-las-16.26.51.png","contentUrl":"https:\/\/riocristal.cl\/agua_purificada\/wp-content\/uploads\/2023\/08\/Captura-de-Pantalla-2023-08-29-a-las-16.26.51.png","width":181,"height":99},{"@type":"BreadcrumbList","@id":"https:\/\/riocristal.cl\/agua_purificada\/certificacion\/#breadcrumb","itemListElement":[{"@type":"ListItem","position":1,"name":"Portada","item":"https:\/\/riocristal.cl\/agua_purificada\/"},{"@type":"ListItem","position":2,"name":"Certificaci\u00f3n"}]},{"@type":"WebSite","@id":"https:\/\/riocristal.cl\/agua_purificada\/#website","url":"https:\/\/riocristal.cl\/agua_purificada\/","name":"Agua Purificada R\u00edo Cristal Spa","description":"Siempre es tiempo de Agua","publisher":{"@id":"https:\/\/riocristal.cl\/agua_purificada\/#organization"},"potentialAction":[{"@type":"SearchAction","target":{"@type":"EntryPoint","urlTemplate":"https:\/\/riocristal.cl\/agua_purificada\/?s={search_term_string}"},"query-input":{"@type":"PropertyValueSpecification","valueRequired":true,"valueName":"search_term_string"}}],"inLanguage":"es-CL"},{"@type":"Organization","@id":"https:\/\/riocristal.cl\/agua_purificada\/#organization","name":"Agua Purificada R\u00edo Cristal Spa","url":"https:\/\/riocristal.cl\/agua_purificada\/","logo":{"@type":"ImageObject","inLanguage":"es-CL","@id":"https:\/\/riocristal.cl\/agua_purificada\/#\/schema\/logo\/image\/","url":"https:\/\/riocristal.cl\/agua_purificada\/wp-content\/uploads\/2026\/02\/logo_BBdos_full_color_alta_pantallas.svg","contentUrl":"https:\/\/riocristal.cl\/agua_purificada\/wp-content\/uploads\/2026\/02\/logo_BBdos_full_color_alta_pantallas.svg","caption":"Agua Purificada R\u00edo Cristal Spa"},"image":{"@id":"https:\/\/riocristal.cl\/agua_purificada\/#\/schema\/logo\/image\/"},"sameAs":["https:\/\/www.instagram.com\/aguariocristal"]}]}},"_links":{"self":[{"href":"https:\/\/riocristal.cl\/agua_purificada\/wp-json\/wp\/v2\/pages\/66","targetHints":{"allow":["GET"]}}],"collection":[{"href":"https:\/\/riocristal.cl\/agua_purificada\/wp-json\/wp\/v2\/pages"}],"about":[{"href":"https:\/\/riocristal.cl\/agua_purificada\/wp-json\/wp\/v2\/types\/page"}],"author":[{"embeddable":true,"href":"https:\/\/riocristal.cl\/agua_purificada\/wp-json\/wp\/v2\/users\/1"}],"replies":[{"embeddable":true,"href":"https:\/\/riocristal.cl\/agua_purificada\/wp-json\/wp\/v2\/comments?post=66"}],"version-history":[{"count":171,"href":"https:\/\/riocristal.cl\/agua_purificada\/wp-json\/wp\/v2\/pages\/66\/revisions"}],"predecessor-version":[{"id":4525,"href":"https:\/\/riocristal.cl\/agua_purificada\/wp-json\/wp\/v2\/pages\/66\/revisions\/4525"}],"wp:attachment":[{"href":"https:\/\/riocristal.cl\/agua_purificada\/wp-json\/wp\/v2\/media?parent=66"}],"curies":[{"name":"wp","href":"https:\/\/api.w.org\/{rel}","templated":true}]}}